{"id":1038,"date":"2020-10-22T20:38:28","date_gmt":"2020-10-22T19:38:28","guid":{"rendered":"https:\/\/darabosevi.hu\/hu\/?page_id=1038"},"modified":"2026-01-28T10:47:55","modified_gmt":"2026-01-28T09:47:55","slug":"arlista-darabos-evi","status":"publish","type":"page","link":"https:\/\/darabosevi.hu\/hu\/arlista-darabos-evi\/","title":{"rendered":"\u00c1rlista &#8211; Darabos \u00c9vi"},"content":{"rendered":"\n\n\n<p><a href=\"https:\/\/darabosevi.hu\/wp-content\/uploads\/2026\/01\/arlista_kezapolas_2026_03_evi-scaled.jpg\"><img loading=\"lazy\" decoding=\"async\" class=\"size-medium wp-image-1939\" src=\"https:\/\/darabosevi.hu\/wp-content\/uploads\/2026\/01\/arlista_kezapolas_2026_03_evi-300x206.jpg\" alt=\"\u00c1rlista - K\u00e9z\u00e1pol\u00e1s, m\u0171k\u00f6r\u00f6m - Darabos \u00c9vi\" width=\"300\" height=\"206\" srcset=\"https:\/\/darabosevi.hu\/wp-content\/uploads\/2026\/01\/arlista_kezapolas_2026_03_evi-300x206.jpg 300w, https:\/\/darabosevi.hu\/wp-content\/uploads\/2026\/01\/arlista_kezapolas_2026_03_evi-1024x703.jpg 1024w, https:\/\/darabosevi.hu\/wp-content\/uploads\/2026\/01\/arlista_kezapolas_2026_03_evi-768x528.jpg 768w, https:\/\/darabosevi.hu\/wp-content\/uploads\/2026\/01\/arlista_kezapolas_2026_03_evi-100x69.jpg 100w, https:\/\/darabosevi.hu\/wp-content\/uploads\/2026\/01\/arlista_kezapolas_2026_03_evi-1536x1055.jpg 1536w, https:\/\/darabosevi.hu\/wp-content\/uploads\/2026\/01\/arlista_kezapolas_2026_03_evi-2048x1407.jpg 2048w, https:\/\/darabosevi.hu\/wp-content\/uploads\/2026\/01\/arlista_kezapolas_2026_03_evi-150x103.jpg 150w\" sizes=\"auto, (max-width: 300px) 100vw, 300px\" \/><\/a><\/p>\n","protected":false},"excerpt":{"rendered":"<p class=\"continue-reading-button\"> <a class=\"continue-reading-link\" href=\"https:\/\/darabosevi.hu\/hu\/arlista-darabos-evi\/\">Continue reading<i class=\"crycon-right-dir\"><\/i><\/a><\/p>\n","protected":false},"author":1,"featured_media":0,"parent":0,"menu_order":0,"comment_status":"closed","ping_status":"closed","template":"","meta":{"footnotes":""},"class_list":["post-1038","page","type-page","status-publish","hentry"],"yoast_head":"<!-- This site is optimized with the Yoast SEO plugin v25.6 - https:\/\/yoast.com\/wordpress\/plugins\/seo\/ -->\n<title>\u00c1rlista - Darabos \u00c9vi - Darabos \u00c9vi K\u00f6r\u00f6mszalon<\/title>\n<meta name=\"robots\" content=\"index, follow, max-snippet:-1, max-image-preview:large, max-video-preview:-1\" \/>\n<link rel=\"canonical\" href=\"https:\/\/darabosevi.hu\/hu\/arlista-darabos-evi\/\" \/>\n<meta property=\"og:locale\" content=\"hu_HU\" \/>\n<meta property=\"og:type\" content=\"article\" \/>\n<meta property=\"og:title\" content=\"\u00c1rlista - Darabos \u00c9vi - Darabos \u00c9vi K\u00f6r\u00f6mszalon\" \/>\n<meta property=\"og:description\" content=\"Continue reading\" \/>\n<meta property=\"og:url\" content=\"https:\/\/darabosevi.hu\/hu\/arlista-darabos-evi\/\" \/>\n<meta property=\"og:site_name\" content=\"Darabos \u00c9vi K\u00f6r\u00f6mszalon\" \/>\n<meta property=\"article:modified_time\" content=\"2026-01-28T09:47:55+00:00\" \/>\n<meta property=\"og:image\" content=\"https:\/\/darabosevi.hu\/wp-content\/uploads\/2026\/01\/arlista_kezapolas_2026_03_evi-scaled.jpg\" \/>\n\t<meta property=\"og:image:width\" content=\"2560\" \/>\n\t<meta property=\"og:image:height\" content=\"1759\" \/>\n\t<meta property=\"og:image:type\" content=\"image\/jpeg\" \/>\n<meta name=\"twitter:card\" content=\"summary_large_image\" \/>\n<meta name=\"twitter:label1\" content=\"Becs\u00fclt olvas\u00e1si id\u0151\" \/>\n\t<meta name=\"twitter:data1\" content=\"1 perc\" \/>\n<script type=\"application\/ld+json\" class=\"yoast-schema-graph\">{\"@context\":\"https:\/\/schema.org\",\"@graph\":[{\"@type\":\"WebPage\",\"@id\":\"https:\/\/darabosevi.hu\/hu\/arlista-darabos-evi\/\",\"url\":\"https:\/\/darabosevi.hu\/hu\/arlista-darabos-evi\/\",\"name\":\"\u00c1rlista - Darabos \u00c9vi - Darabos \u00c9vi K\u00f6r\u00f6mszalon\",\"isPartOf\":{\"@id\":\"https:\/\/darabosevi.hu\/hu\/#website\"},\"primaryImageOfPage\":{\"@id\":\"https:\/\/darabosevi.hu\/hu\/arlista-darabos-evi\/#primaryimage\"},\"image\":{\"@id\":\"https:\/\/darabosevi.hu\/hu\/arlista-darabos-evi\/#primaryimage\"},\"thumbnailUrl\":\"https:\/\/darabosevi.hu\/wp-content\/uploads\/2026\/01\/arlista_kezapolas_2026_03_evi-300x206.jpg\",\"datePublished\":\"2020-10-22T19:38:28+00:00\",\"dateModified\":\"2026-01-28T09:47:55+00:00\",\"breadcrumb\":{\"@id\":\"https:\/\/darabosevi.hu\/hu\/arlista-darabos-evi\/#breadcrumb\"},\"inLanguage\":\"hu\",\"potentialAction\":[{\"@type\":\"ReadAction\",\"target\":[\"https:\/\/darabosevi.hu\/hu\/arlista-darabos-evi\/\"]}]},{\"@type\":\"ImageObject\",\"inLanguage\":\"hu\",\"@id\":\"https:\/\/darabosevi.hu\/hu\/arlista-darabos-evi\/#primaryimage\",\"url\":\"https:\/\/darabosevi.hu\/wp-content\/uploads\/2026\/01\/arlista_kezapolas_2026_03_evi-300x206.jpg\",\"contentUrl\":\"https:\/\/darabosevi.hu\/wp-content\/uploads\/2026\/01\/arlista_kezapolas_2026_03_evi-300x206.jpg\"},{\"@type\":\"BreadcrumbList\",\"@id\":\"https:\/\/darabosevi.hu\/hu\/arlista-darabos-evi\/#breadcrumb\",\"itemListElement\":[{\"@type\":\"ListItem\",\"position\":1,\"name\":\"Home\",\"item\":\"https:\/\/darabosevi.hu\/hu\/\"},{\"@type\":\"ListItem\",\"position\":2,\"name\":\"\u00c1rlista &#8211; Darabos \u00c9vi\"}]},{\"@type\":\"WebSite\",\"@id\":\"https:\/\/darabosevi.hu\/hu\/#website\",\"url\":\"https:\/\/darabosevi.hu\/hu\/\",\"name\":\"Darabos \u00c9vi K\u00f6r\u00f6mszalon\",\"description\":\"Budapest, 1066, J\u00f3kai utca 7.\",\"potentialAction\":[{\"@type\":\"SearchAction\",\"target\":{\"@type\":\"EntryPoint\",\"urlTemplate\":\"https:\/\/darabosevi.hu\/hu\/?s={search_term_string}\"},\"query-input\":{\"@type\":\"PropertyValueSpecification\",\"valueRequired\":true,\"valueName\":\"search_term_string\"}}],\"inLanguage\":\"hu\"}]}<\/script>\n<!-- \/ Yoast SEO plugin. -->","yoast_head_json":{"title":"\u00c1rlista - Darabos \u00c9vi - Darabos \u00c9vi K\u00f6r\u00f6mszalon","robots":{"index":"index","follow":"follow","max-snippet":"max-snippet:-1","max-image-preview":"max-image-preview:large","max-video-preview":"max-video-preview:-1"},"canonical":"https:\/\/darabosevi.hu\/hu\/arlista-darabos-evi\/","og_locale":"hu_HU","og_type":"article","og_title":"\u00c1rlista - Darabos \u00c9vi - Darabos \u00c9vi K\u00f6r\u00f6mszalon","og_description":"Continue reading","og_url":"https:\/\/darabosevi.hu\/hu\/arlista-darabos-evi\/","og_site_name":"Darabos \u00c9vi K\u00f6r\u00f6mszalon","article_modified_time":"2026-01-28T09:47:55+00:00","og_image":[{"width":2560,"height":1759,"url":"https:\/\/darabosevi.hu\/wp-content\/uploads\/2026\/01\/arlista_kezapolas_2026_03_evi-scaled.jpg","type":"image\/jpeg"}],"twitter_card":"summary_large_image","twitter_misc":{"Becs\u00fclt olvas\u00e1si id\u0151":"1 perc"},"schema":{"@context":"https:\/\/schema.org","@graph":[{"@type":"WebPage","@id":"https:\/\/darabosevi.hu\/hu\/arlista-darabos-evi\/","url":"https:\/\/darabosevi.hu\/hu\/arlista-darabos-evi\/","name":"\u00c1rlista - Darabos \u00c9vi - Darabos \u00c9vi K\u00f6r\u00f6mszalon","isPartOf":{"@id":"https:\/\/darabosevi.hu\/hu\/#website"},"primaryImageOfPage":{"@id":"https:\/\/darabosevi.hu\/hu\/arlista-darabos-evi\/#primaryimage"},"image":{"@id":"https:\/\/darabosevi.hu\/hu\/arlista-darabos-evi\/#primaryimage"},"thumbnailUrl":"https:\/\/darabosevi.hu\/wp-content\/uploads\/2026\/01\/arlista_kezapolas_2026_03_evi-300x206.jpg","datePublished":"2020-10-22T19:38:28+00:00","dateModified":"2026-01-28T09:47:55+00:00","breadcrumb":{"@id":"https:\/\/darabosevi.hu\/hu\/arlista-darabos-evi\/#breadcrumb"},"inLanguage":"hu","potentialAction":[{"@type":"ReadAction","target":["https:\/\/darabosevi.hu\/hu\/arlista-darabos-evi\/"]}]},{"@type":"ImageObject","inLanguage":"hu","@id":"https:\/\/darabosevi.hu\/hu\/arlista-darabos-evi\/#primaryimage","url":"https:\/\/darabosevi.hu\/wp-content\/uploads\/2026\/01\/arlista_kezapolas_2026_03_evi-300x206.jpg","contentUrl":"https:\/\/darabosevi.hu\/wp-content\/uploads\/2026\/01\/arlista_kezapolas_2026_03_evi-300x206.jpg"},{"@type":"BreadcrumbList","@id":"https:\/\/darabosevi.hu\/hu\/arlista-darabos-evi\/#breadcrumb","itemListElement":[{"@type":"ListItem","position":1,"name":"Home","item":"https:\/\/darabosevi.hu\/hu\/"},{"@type":"ListItem","position":2,"name":"\u00c1rlista &#8211; Darabos \u00c9vi"}]},{"@type":"WebSite","@id":"https:\/\/darabosevi.hu\/hu\/#website","url":"https:\/\/darabosevi.hu\/hu\/","name":"Darabos \u00c9vi K\u00f6r\u00f6mszalon","description":"Budapest, 1066, J\u00f3kai utca 7.","potentialAction":[{"@type":"SearchAction","target":{"@type":"EntryPoint","urlTemplate":"https:\/\/darabosevi.hu\/hu\/?s={search_term_string}"},"query-input":{"@type":"PropertyValueSpecification","valueRequired":true,"valueName":"search_term_string"}}],"inLanguage":"hu"}]}},"_links":{"self":[{"href":"https:\/\/darabosevi.hu\/hu\/wp-json\/wp\/v2\/pages\/1038","targetHints":{"allow":["GET"]}}],"collection":[{"href":"https:\/\/darabosevi.hu\/hu\/wp-json\/wp\/v2\/pages"}],"about":[{"href":"https:\/\/darabosevi.hu\/hu\/wp-json\/wp\/v2\/types\/page"}],"author":[{"embeddable":true,"href":"https:\/\/darabosevi.hu\/hu\/wp-json\/wp\/v2\/users\/1"}],"replies":[{"embeddable":true,"href":"https:\/\/darabosevi.hu\/hu\/wp-json\/wp\/v2\/comments?post=1038"}],"version-history":[{"count":57,"href":"https:\/\/darabosevi.hu\/hu\/wp-json\/wp\/v2\/pages\/1038\/revisions"}],"predecessor-version":[{"id":1941,"href":"https:\/\/darabosevi.hu\/hu\/wp-json\/wp\/v2\/pages\/1038\/revisions\/1941"}],"wp:attachment":[{"href":"https:\/\/darabosevi.hu\/hu\/wp-json\/wp\/v2\/media?parent=1038"}],"curies":[{"name":"wp","href":"https:\/\/api.w.org\/{rel}","templated":true}]}}