{"id":1089,"date":"2020-12-09T01:31:22","date_gmt":"2020-12-09T00:31:22","guid":{"rendered":"https:\/\/darabosevi.hu\/hu\/?page_id=1089"},"modified":"2020-12-09T01:31:24","modified_gmt":"2020-12-09T00:31:24","slug":"arlista-suri-emoke","status":"publish","type":"page","link":"https:\/\/darabosevi.hu\/hu\/arlista-suri-emoke\/","title":{"rendered":"\u00c1rlista &#8211; Suri Em\u0151ke"},"content":{"rendered":"\n<table style=\"width: 100%; height: 557px;\" border=\"0\" cellspacing=\"0\">\n<tbody>\n<tr style=\"height: 24px;\">\n<td style=\"height: 24px; width: 85.1724%;\" colspan=\"2\" align=\"left\" height=\"17\"><strong>Szimpla sz\u00e1las (1D)<\/strong><\/td>\n<\/tr>\n<tr style=\"height: 24px;\">\n<td style=\"height: 24px; width: 55.862%;\" align=\"left\" height=\"17\">teljes szett<\/td>\n<td style=\"height: 24px; width: 29.3104%;\" align=\"left\">13 000Ft<\/td>\n<\/tr>\n<tr style=\"height: 24px;\">\n<td style=\"height: 24px; width: 55.862%;\" align=\"left\" height=\"17\">t\u00f6lt\u00e9s 3 h\u00e9ten bel\u00fcl<\/td>\n<td style=\"height: 24px; width: 29.3104%;\" align=\"left\">7 000Ft<\/td>\n<\/tr>\n<tr style=\"height: 48px;\">\n<td style=\"height: 15px; width: 55.862%;\" align=\"left\" height=\"17\">t\u00f6lt\u00e9s 3-5 h\u00e9t k\u00f6z\u00f6tt<\/td>\n<td style=\"height: 15px; width: 29.3104%;\" align=\"left\">10 000Ft<\/td>\n<\/tr>\n<tr style=\"height: 24px;\">\n<td style=\"height: 24px; width: 55.862%;\" align=\"left\" height=\"17\">t\u00f6lt\u00e9s 5 h\u00e9t ut\u00e1n<\/td>\n<td style=\"height: 24px; width: 29.3104%;\" align=\"left\">13 000Ft<\/td>\n<\/tr>\n<tr style=\"height: 24px;\">\n<td style=\"width: 55.862%; height: 24px;\">\u00a0<\/td>\n<td style=\"width: 29.3104%; height: 24px;\">\u00a0<\/td>\n<\/tr>\n<tr style=\"height: 24px;\">\n<td style=\"height: 24px; width: 85.1724%;\" colspan=\"2\" align=\"left\" height=\"17\"><strong>Dupla sz\u00e1las (2D)<\/strong><\/td>\n<\/tr>\n<tr style=\"height: 24px;\">\n<td style=\"height: 24px; width: 55.862%;\" align=\"left\" height=\"17\">teljes szett<\/td>\n<td style=\"height: 24px; width: 29.3104%;\" align=\"left\">16 000Ft<\/td>\n<\/tr>\n<tr style=\"height: 24px;\">\n<td style=\"height: 24px; width: 55.862%;\" align=\"left\" height=\"17\">t\u00f6lt\u00e9s 3 h\u00e9ten bel\u00fcl<\/td>\n<td style=\"height: 24px; width: 29.3104%;\" align=\"left\">10 000Ft<\/td>\n<\/tr>\n<tr style=\"height: 24px;\">\n<td style=\"height: 24px; width: 55.862%;\" align=\"left\" height=\"17\">t\u00f6lt\u00e9s 3-5 h\u00e9t k\u00f6z\u00f6tt<\/td>\n<td style=\"height: 24px; width: 29.3104%;\" align=\"left\" height=\"17\">13 000Ft<\/td>\n<\/tr>\n<tr style=\"height: 24px;\">\n<td style=\"height: 24px; width: 55.862%;\" align=\"left\" height=\"17\">t\u00f6lt\u00e9s 5 h\u00e9t ut\u00e1n<\/td>\n<td style=\"height: 24px; width: 29.3104%;\" align=\"left\">16 000Ft<\/td>\n<\/tr>\n<tr style=\"height: 24px;\">\n<td style=\"width: 55.862%; height: 24px;\">\u00a0<\/td>\n<td style=\"width: 29.3104%; height: 24px;\">\u00a0<\/td>\n<\/tr>\n<tr style=\"height: 24px;\">\n<td style=\"height: 24px; width: 85.1724%;\" colspan=\"2\" align=\"left\" height=\"17\"><strong>Volume (3-4 D)<\/strong><\/td>\n<\/tr>\n<tr style=\"height: 24px;\">\n<td style=\"height: 24px; width: 55.862%;\" align=\"left\" height=\"17\">teljes szett<\/td>\n<td style=\"height: 24px; width: 29.3104%;\" align=\"left\">19 000Ft<\/td>\n<\/tr>\n<tr style=\"height: 24px;\">\n<td style=\"height: 24px; width: 55.862%;\" align=\"left\" height=\"17\">t\u00f6lt\u00e9s 3 h\u00e9ten bel\u00fcl<\/td>\n<td style=\"height: 24px; width: 29.3104%;\" align=\"left\">12 000Ft<\/td>\n<\/tr>\n<tr style=\"height: 24px;\">\n<td style=\"height: 24px; width: 55.862%;\" align=\"left\" height=\"17\">t\u00f6lt\u00e9s 3-5 h\u00e9t k\u00f6z\u00f6tt<\/td>\n<td style=\"height: 24px; width: 29.3104%;\" align=\"left\">15 000Ft<\/td>\n<\/tr>\n<tr style=\"height: 24px;\">\n<td style=\"height: 24px; width: 55.862%;\" align=\"left\" height=\"17\">t\u00f6lt\u00e9s 5 h\u00e9t ut\u00e1n<\/td>\n<td style=\"height: 24px; width: 29.3104%;\" align=\"left\">19 000Ft<\/td>\n<\/tr>\n<tr style=\"height: 14px;\">\n<td style=\"width: 55.862%; height: 14px;\">\u00a0<\/td>\n<td style=\"width: 29.3104%; height: 14px;\">\u00a0<\/td>\n<\/tr>\n<tr style=\"height: 24px;\">\n<td style=\"height: 24px; width: 85.1724%;\" colspan=\"2\" align=\"left\" height=\"17\"><strong>Volume (5-7 D)<\/strong><\/td>\n<\/tr>\n<tr style=\"height: 24px;\">\n<td style=\"height: 24px; width: 55.862%;\" align=\"left\" height=\"17\">teljes szett<\/td>\n<td style=\"height: 24px; width: 29.3104%;\" align=\"left\">23 000Ft<\/td>\n<\/tr>\n<tr style=\"height: 24px;\">\n<td style=\"height: 24px; width: 55.862%;\" align=\"left\" height=\"17\">t\u00f6lt\u00e9s 3 h\u00e9ten bel\u00fcl<\/td>\n<td style=\"height: 24px; width: 29.3104%;\" align=\"left\">15 000Ft<\/td>\n<\/tr>\n<tr style=\"height: 24px;\">\n<td style=\"height: 24px; width: 55.862%;\" align=\"left\" height=\"17\">t\u00f6lt\u00e9s 3-5 h\u00e9t k\u00f6z\u00f6tt<\/td>\n<td style=\"height: 24px; width: 29.3104%;\" align=\"left\">18 000Ft<\/td>\n<\/tr>\n<tr style=\"height: 24px;\">\n<td style=\"height: 24px; width: 55.862%;\" align=\"left\" height=\"17\">t\u00f6lt\u00e9s 5 h\u00e9t ut\u00e1n<\/td>\n<td style=\"height: 24px; width: 29.3104%;\" align=\"left\">23 000Ft<\/td>\n<\/tr>\n<\/tbody>\n<\/table>\n<p>\u00c9rv\u00e9nyes: 2016. November 16-t\u00f3l visszavon\u00e1sig.\u00a0<br \/>\u00c1raink Forintban \u00e9rtend\u0151ek \u00e9s Brutt\u00f3 \u00e1rak.<\/p>\n","protected":false},"excerpt":{"rendered":"<p>Szimpla sz\u00e1las (1D) teljes szett 13 000Ft t\u00f6lt\u00e9s 3 h\u00e9ten bel\u00fcl 7 000Ft t\u00f6lt\u00e9s 3-5 h\u00e9t k\u00f6z\u00f6tt 10 000Ft t\u00f6lt\u00e9s 5 h\u00e9t ut\u00e1n 13 000Ft \u00a0 \u00a0 Dupla sz\u00e1las (2D) teljes szett 16 000Ft t\u00f6lt\u00e9s 3 h\u00e9ten bel\u00fcl 10 000Ft t\u00f6lt\u00e9s 3-5 h\u00e9t k\u00f6z\u00f6tt 13 000Ft t\u00f6lt\u00e9s 5 h\u00e9t ut\u00e1n\u2026<\/p>\n<p class=\"continue-reading-button\"> <a class=\"continue-reading-link\" href=\"https:\/\/darabosevi.hu\/hu\/arlista-suri-emoke\/\">Continue reading<i class=\"crycon-right-dir\"><\/i><\/a><\/p>\n","protected":false},"author":1,"featured_media":0,"parent":0,"menu_order":0,"comment_status":"closed","ping_status":"closed","template":"","meta":{"footnotes":""},"class_list":["post-1089","page","type-page","status-publish","hentry"],"yoast_head":"<!-- This site is optimized with the Yoast SEO plugin v25.6 - https:\/\/yoast.com\/wordpress\/plugins\/seo\/ -->\n<title>\u00c1rlista - Suri Em\u0151ke - Darabos \u00c9vi K\u00f6r\u00f6mszalon<\/title>\n<meta name=\"robots\" content=\"index, follow, max-snippet:-1, max-image-preview:large, max-video-preview:-1\" \/>\n<link rel=\"canonical\" href=\"https:\/\/darabosevi.hu\/hu\/arlista-suri-emoke\/\" \/>\n<meta property=\"og:locale\" content=\"hu_HU\" \/>\n<meta property=\"og:type\" content=\"article\" \/>\n<meta property=\"og:title\" content=\"\u00c1rlista - Suri Em\u0151ke - Darabos \u00c9vi K\u00f6r\u00f6mszalon\" \/>\n<meta property=\"og:description\" content=\"Szimpla sz\u00e1las (1D) teljes szett 13 000Ft t\u00f6lt\u00e9s 3 h\u00e9ten bel\u00fcl 7 000Ft t\u00f6lt\u00e9s 3-5 h\u00e9t k\u00f6z\u00f6tt 10 000Ft t\u00f6lt\u00e9s 5 h\u00e9t ut\u00e1n 13 000Ft \u00a0 \u00a0 Dupla sz\u00e1las (2D) teljes szett 16 000Ft t\u00f6lt\u00e9s 3 h\u00e9ten bel\u00fcl 10 000Ft t\u00f6lt\u00e9s 3-5 h\u00e9t k\u00f6z\u00f6tt 13 000Ft t\u00f6lt\u00e9s 5 h\u00e9t ut\u00e1n\u2026 Continue reading\" \/>\n<meta property=\"og:url\" content=\"https:\/\/darabosevi.hu\/hu\/arlista-suri-emoke\/\" \/>\n<meta property=\"og:site_name\" content=\"Darabos \u00c9vi K\u00f6r\u00f6mszalon\" \/>\n<meta property=\"article:modified_time\" content=\"2020-12-09T00:31:24+00:00\" \/>\n<meta name=\"twitter:card\" content=\"summary_large_image\" \/>\n<meta name=\"twitter:label1\" content=\"Becs\u00fclt olvas\u00e1si id\u0151\" \/>\n\t<meta name=\"twitter:data1\" content=\"1 perc\" \/>\n<script type=\"application\/ld+json\" class=\"yoast-schema-graph\">{\"@context\":\"https:\/\/schema.org\",\"@graph\":[{\"@type\":\"WebPage\",\"@id\":\"https:\/\/darabosevi.hu\/hu\/arlista-suri-emoke\/\",\"url\":\"https:\/\/darabosevi.hu\/hu\/arlista-suri-emoke\/\",\"name\":\"\u00c1rlista - Suri Em\u0151ke - Darabos \u00c9vi K\u00f6r\u00f6mszalon\",\"isPartOf\":{\"@id\":\"https:\/\/darabosevi.hu\/hu\/#website\"},\"datePublished\":\"2020-12-09T00:31:22+00:00\",\"dateModified\":\"2020-12-09T00:31:24+00:00\",\"breadcrumb\":{\"@id\":\"https:\/\/darabosevi.hu\/hu\/arlista-suri-emoke\/#breadcrumb\"},\"inLanguage\":\"hu\",\"potentialAction\":[{\"@type\":\"ReadAction\",\"target\":[\"https:\/\/darabosevi.hu\/hu\/arlista-suri-emoke\/\"]}]},{\"@type\":\"BreadcrumbList\",\"@id\":\"https:\/\/darabosevi.hu\/hu\/arlista-suri-emoke\/#breadcrumb\",\"itemListElement\":[{\"@type\":\"ListItem\",\"position\":1,\"name\":\"Home\",\"item\":\"https:\/\/darabosevi.hu\/hu\/\"},{\"@type\":\"ListItem\",\"position\":2,\"name\":\"\u00c1rlista &#8211; Suri Em\u0151ke\"}]},{\"@type\":\"WebSite\",\"@id\":\"https:\/\/darabosevi.hu\/hu\/#website\",\"url\":\"https:\/\/darabosevi.hu\/hu\/\",\"name\":\"Darabos \u00c9vi K\u00f6r\u00f6mszalon\",\"description\":\"Budapest, 1066, J\u00f3kai utca 7.\",\"potentialAction\":[{\"@type\":\"SearchAction\",\"target\":{\"@type\":\"EntryPoint\",\"urlTemplate\":\"https:\/\/darabosevi.hu\/hu\/?s={search_term_string}\"},\"query-input\":{\"@type\":\"PropertyValueSpecification\",\"valueRequired\":true,\"valueName\":\"search_term_string\"}}],\"inLanguage\":\"hu\"}]}<\/script>\n<!-- \/ Yoast SEO plugin. -->","yoast_head_json":{"title":"\u00c1rlista - Suri Em\u0151ke - Darabos \u00c9vi K\u00f6r\u00f6mszalon","robots":{"index":"index","follow":"follow","max-snippet":"max-snippet:-1","max-image-preview":"max-image-preview:large","max-video-preview":"max-video-preview:-1"},"canonical":"https:\/\/darabosevi.hu\/hu\/arlista-suri-emoke\/","og_locale":"hu_HU","og_type":"article","og_title":"\u00c1rlista - Suri Em\u0151ke - Darabos \u00c9vi K\u00f6r\u00f6mszalon","og_description":"Szimpla sz\u00e1las (1D) teljes szett 13 000Ft t\u00f6lt\u00e9s 3 h\u00e9ten bel\u00fcl 7 000Ft t\u00f6lt\u00e9s 3-5 h\u00e9t k\u00f6z\u00f6tt 10 000Ft t\u00f6lt\u00e9s 5 h\u00e9t ut\u00e1n 13 000Ft \u00a0 \u00a0 Dupla sz\u00e1las (2D) teljes szett 16 000Ft t\u00f6lt\u00e9s 3 h\u00e9ten bel\u00fcl 10 000Ft t\u00f6lt\u00e9s 3-5 h\u00e9t k\u00f6z\u00f6tt 13 000Ft t\u00f6lt\u00e9s 5 h\u00e9t ut\u00e1n\u2026 Continue reading","og_url":"https:\/\/darabosevi.hu\/hu\/arlista-suri-emoke\/","og_site_name":"Darabos \u00c9vi K\u00f6r\u00f6mszalon","article_modified_time":"2020-12-09T00:31:24+00:00","twitter_card":"summary_large_image","twitter_misc":{"Becs\u00fclt olvas\u00e1si id\u0151":"1 perc"},"schema":{"@context":"https:\/\/schema.org","@graph":[{"@type":"WebPage","@id":"https:\/\/darabosevi.hu\/hu\/arlista-suri-emoke\/","url":"https:\/\/darabosevi.hu\/hu\/arlista-suri-emoke\/","name":"\u00c1rlista - Suri Em\u0151ke - Darabos \u00c9vi K\u00f6r\u00f6mszalon","isPartOf":{"@id":"https:\/\/darabosevi.hu\/hu\/#website"},"datePublished":"2020-12-09T00:31:22+00:00","dateModified":"2020-12-09T00:31:24+00:00","breadcrumb":{"@id":"https:\/\/darabosevi.hu\/hu\/arlista-suri-emoke\/#breadcrumb"},"inLanguage":"hu","potentialAction":[{"@type":"ReadAction","target":["https:\/\/darabosevi.hu\/hu\/arlista-suri-emoke\/"]}]},{"@type":"BreadcrumbList","@id":"https:\/\/darabosevi.hu\/hu\/arlista-suri-emoke\/#breadcrumb","itemListElement":[{"@type":"ListItem","position":1,"name":"Home","item":"https:\/\/darabosevi.hu\/hu\/"},{"@type":"ListItem","position":2,"name":"\u00c1rlista &#8211; Suri Em\u0151ke"}]},{"@type":"WebSite","@id":"https:\/\/darabosevi.hu\/hu\/#website","url":"https:\/\/darabosevi.hu\/hu\/","name":"Darabos \u00c9vi K\u00f6r\u00f6mszalon","description":"Budapest, 1066, J\u00f3kai utca 7.","potentialAction":[{"@type":"SearchAction","target":{"@type":"EntryPoint","urlTemplate":"https:\/\/darabosevi.hu\/hu\/?s={search_term_string}"},"query-input":{"@type":"PropertyValueSpecification","valueRequired":true,"valueName":"search_term_string"}}],"inLanguage":"hu"}]}},"_links":{"self":[{"href":"https:\/\/darabosevi.hu\/hu\/wp-json\/wp\/v2\/pages\/1089","targetHints":{"allow":["GET"]}}],"collection":[{"href":"https:\/\/darabosevi.hu\/hu\/wp-json\/wp\/v2\/pages"}],"about":[{"href":"https:\/\/darabosevi.hu\/hu\/wp-json\/wp\/v2\/types\/page"}],"author":[{"embeddable":true,"href":"https:\/\/darabosevi.hu\/hu\/wp-json\/wp\/v2\/users\/1"}],"replies":[{"embeddable":true,"href":"https:\/\/darabosevi.hu\/hu\/wp-json\/wp\/v2\/comments?post=1089"}],"version-history":[{"count":1,"href":"https:\/\/darabosevi.hu\/hu\/wp-json\/wp\/v2\/pages\/1089\/revisions"}],"predecessor-version":[{"id":1090,"href":"https:\/\/darabosevi.hu\/hu\/wp-json\/wp\/v2\/pages\/1089\/revisions\/1090"}],"wp:attachment":[{"href":"https:\/\/darabosevi.hu\/hu\/wp-json\/wp\/v2\/media?parent=1089"}],"curies":[{"name":"wp","href":"https:\/\/api.w.org\/{rel}","templated":true}]}}