{"id":13,"date":"2016-12-31T13:10:43","date_gmt":"2016-12-31T13:10:43","guid":{"rendered":"http:\/\/cc.mukormos.hu\/?page_id=13"},"modified":"2026-04-19T21:30:26","modified_gmt":"2026-04-19T20:30:26","slug":"elerhetoseg","status":"publish","type":"page","link":"https:\/\/darabosevi.hu\/hu\/elerhetoseg\/","title":{"rendered":"El\u00e9rhet\u0151s\u00e9g"},"content":{"rendered":"\n<p>Darabos \u00c9vi K\u00f6r\u00f6mszalon <br \/>Budapest 1066, J\u00f3kai utca 7.<br \/>(postac\u00edm: Ter\u00e9z krt 32).<\/p>\n<p><a href=\"https:\/\/darabosevi.hu\/wp-content\/uploads\/2016\/12\/koromszalon.jpg\"><img loading=\"lazy\" decoding=\"async\" class=\"alignleft wp-image-134 size-medium\" src=\"https:\/\/darabosevi.hu\/wp-content\/uploads\/2016\/12\/koromszalon-202x300.jpg\" alt=\"Darabos \u00c9vi K\u00f6r\u00f6mszalon\" width=\"202\" height=\"300\" srcset=\"https:\/\/darabosevi.hu\/wp-content\/uploads\/2016\/12\/koromszalon-202x300.jpg 202w, https:\/\/darabosevi.hu\/wp-content\/uploads\/2016\/12\/koromszalon-101x150.jpg 101w, https:\/\/darabosevi.hu\/wp-content\/uploads\/2016\/12\/koromszalon.jpg 300w\" sizes=\"auto, (max-width: 202px) 100vw, 202px\" \/><\/a><\/p>\n<p>\u00a0Nyitvatart\u00e1s:<br \/>H-P: 8-20 &#8211; Bejelentkez\u00e9s alapj\u00e1n<br \/>Szo: 9-15 &#8211; Bejelentkez\u00e9s alapj\u00e1n<\/p>\n<p><strong>Bejelentkez\u00e9s:<\/strong><\/p>\n<p>Herczegn\u00e9 Csonka Vikt\u00f3ria &#8211; sminktetov\u00e1l\u00e1s:\u00a0 06 30 665 3167<br \/>H\u0151hn T\u00edmea &#8211; k\u00f6r\u00f6m: 06 30 576 5076<br \/>Szab\u00f3 S\u00e1ra &#8211; k\u00f6r\u00f6m: 06 20 410 7011<br \/>Cserm\u00e1k Leila &#8211; IG: @leila_csermak<br \/>Suri Em\u0151ke &#8211; m\u0171szempila: \u00a006 20 412 8677<br \/>Darabos \u00c9vi &#8211; k\u00f6r\u00f6m: 06 30 284 1444<\/p>\n<p>\u00a0<\/p>\n<p>\u00a0<\/p>\n<p>\u00a0<\/p>\n<p>\u00a0<\/p>\n<p><iframe loading=\"lazy\" style=\"border: 0;\" src=\"https:\/\/www.google.com\/maps\/embed?pb=!1m18!1m12!1m3!1d3205.1293003891897!2d19.059336147331855!3d47.50585178027749!2m3!1f0!2f0!3f0!3m2!1i1024!2i768!4f13.1!3m3!1m2!1s0x4741dc6da03e0473%3A0x3975049bf7060b98!2zRGFyYWJvcyDDiXZpIEvDtnLDtm1zemFsb24!5e0!3m2!1shu!2sno!4v1483272782637\" width=\"400\" height=\"350\" frameborder=\"0\" allowfullscreen=\"allowfullscreen\"><\/iframe><\/p>\n<p>*****************************************************<br \/>Kedves Vend\u00e9geink!<\/p>\n<p>Term\u00e9szetesen mindenkinek k\u00f6zbej\u00f6het valamilyen v\u00e1ratlan esem\u00e9ny, ami miatt nem tud elj\u00f6nni az el\u0151re megbesz\u00e9lt id\u0151pontra, de k\u00e9r\u00fcnk, hogy tisztelj meg minket azzal, hogyha ilyen el\u0151fordul, akkor az el\u00e9rhet\u0151s\u00e9gek valamelyik\u00e9n egy telefonnal vagy sms-el \u00e9rtes\u00edtesz minket err\u0151l, hogy a meg\u00fcresedett id\u0151pontot esetleg fel tudjuk aj\u00e1nlani valaki m\u00e1s sz\u00e1m\u00e1ra.<\/p>\n<p>\u00c9ppen ez\u00e9rt id\u0151pontot el\u0151re lefoglalni sz\u00e1modra az al\u00e1bbi felt\u00e9telekkel tudunk:<\/p>\n<ul>\n<li>Az el\u0151re egyeztetett id\u0151pontokat a tervezett szolg\u00e1ltat\u00e1s id\u0151tartam\u00e1nak f\u00fcggv\u00e9ny\u00e9ben adjuk. Amennyiben a megbesz\u00e9lt id\u0151pontra k\u00e9sve \u00e9rkezel, \u00fagy nem biztos, hogy a tervezett szolg\u00e1ltat\u00e1st tudjuk ny\u00fajtani, a megmaradt id\u0151 f\u00fcggv\u00e9ny\u00e9ben tudunk kezel\u00e9st aj\u00e1nlani.<\/li>\n<li>Amennyiben az el\u0151re egyeztetett id\u0151pontot nem mondod le \u00e9s ez\u00e9rt \u00fcresen marad, a lemondott kezel\u00e9s \u00e1r\u00e1t k\u00e9nytelenek vagyunk felsz\u00e1molni.<\/li>\n<li>Amennyiben az el\u0151re egyeztetett id\u0151pontot a kezel\u00e9st megel\u0151z\u0151 24 \u00f3r\u00e1n bel\u00fcl mondod le \u00e9s az id\u0151pontot minden igyekezet\u00fcnk ellen\u00e9re nem siker\u00fcl bet\u00f6lten\u00fcnk \u00e9s ez\u00e9rt \u00fcresen marad, a lemondott kezel\u00e9s teljes \u00e1r\u00e1t k\u00e9nytelenek vagyunk felsz\u00e1molni.<\/li>\n<\/ul>\n<p>Bizonyos esetekben az id\u0151pont lefoglal\u00e1s\u00e1hoz foglal\u00f3t k\u00e9r\u00fcnk, amely ha a kezel\u00e9st megel\u0151z\u0151 legk\u00e9s\u0151bb 24 \u00f3r\u00e1val ker\u00fcl lemond\u00e1sra, \u00fagy nem j\u00e1r vissza, de k\u00f6vetkez\u0151 id\u0151pontra felhaszn\u00e1lhat\u00f3.<br \/>Amennyiben azonban nem ker\u00fcl lemond\u00e1sra vagy a kezel\u00e9st megel\u0151z\u0151 24 \u00f3r\u00e1n bel\u00fcl ker\u00fcl lemond\u00e1sra, \u00fagy a foglal\u00f3 nem j\u00e1r vissza \u00e9s k\u00f6vetkez\u0151 id\u0151pontra sem haszn\u00e1lhat\u00f3 fel, a k\u00f6vetkez\u0151 alkalommal az eredeti kezel\u00e9s teljes \u00e1r\u00e1t k\u00e9nytelenek vagyunk felsz\u00e1molni.<\/p>\n<p>Amennyiben sz\u00e1modra ezek a felt\u00e9telek nem elfogadhat\u00f3ak, amennyiben \u00e9ppen van \u00fcres hely\u00fcnk, sz\u00edvesen fogadunk, de el\u0151re id\u0151pontot adni sajnos nem tudunk.<\/p>\n<p>K\u00f6sz\u00f6nj\u00fck a meg\u00e9rt\u00e9seteket!<\/p>\n","protected":false},"excerpt":{"rendered":"<p>Darabos \u00c9vi K\u00f6r\u00f6mszalon Budapest 1066, J\u00f3kai utca 7.(postac\u00edm: Ter\u00e9z krt 32). \u00a0Nyitvatart\u00e1s:H-P: 8-20 &#8211; Bejelentkez\u00e9s alapj\u00e1nSzo: 9-15 &#8211; Bejelentkez\u00e9s alapj\u00e1n Bejelentkez\u00e9s: Herczegn\u00e9 Csonka Vikt\u00f3ria &#8211; sminktetov\u00e1l\u00e1s:\u00a0 06 30 665 3167H\u0151hn T\u00edmea &#8211; k\u00f6r\u00f6m: 06 30 576 5076Szab\u00f3 S\u00e1ra &#8211; k\u00f6r\u00f6m: 06 20 410 7011Cserm\u00e1k Leila &#8211; IG: @leila_csermakSuri Em\u0151ke &#8211;\u2026<\/p>\n<p class=\"continue-reading-button\"> <a class=\"continue-reading-link\" href=\"https:\/\/darabosevi.hu\/hu\/elerhetoseg\/\">Continue reading<i class=\"crycon-right-dir\"><\/i><\/a><\/p>\n","protected":false},"author":1,"featured_media":0,"parent":0,"menu_order":0,"comment_status":"closed","ping_status":"closed","template":"","meta":{"footnotes":""},"class_list":["post-13","page","type-page","status-publish","hentry"],"yoast_head":"<!-- This site is optimized with the Yoast SEO plugin v25.6 - https:\/\/yoast.com\/wordpress\/plugins\/seo\/ -->\n<title>El\u00e9rhet\u0151s\u00e9g - Darabos \u00c9vi K\u00f6r\u00f6mszalon<\/title>\n<meta name=\"robots\" content=\"index, follow, max-snippet:-1, max-image-preview:large, max-video-preview:-1\" \/>\n<link rel=\"canonical\" href=\"https:\/\/darabosevi.hu\/hu\/elerhetoseg\/\" \/>\n<meta property=\"og:locale\" content=\"hu_HU\" \/>\n<meta property=\"og:type\" content=\"article\" \/>\n<meta property=\"og:title\" content=\"El\u00e9rhet\u0151s\u00e9g - Darabos \u00c9vi K\u00f6r\u00f6mszalon\" \/>\n<meta property=\"og:description\" content=\"Darabos \u00c9vi K\u00f6r\u00f6mszalon Budapest 1066, J\u00f3kai utca 7.(postac\u00edm: Ter\u00e9z krt 32). \u00a0Nyitvatart\u00e1s:H-P: 8-20 &#8211; Bejelentkez\u00e9s alapj\u00e1nSzo: 9-15 &#8211; Bejelentkez\u00e9s alapj\u00e1n Bejelentkez\u00e9s: Herczegn\u00e9 Csonka Vikt\u00f3ria &#8211; sminktetov\u00e1l\u00e1s:\u00a0 06 30 665 3167H\u0151hn T\u00edmea &#8211; k\u00f6r\u00f6m: 06 30 576 5076Szab\u00f3 S\u00e1ra &#8211; k\u00f6r\u00f6m: 06 20 410 7011Cserm\u00e1k Leila &#8211; IG: @leila_csermakSuri Em\u0151ke &#8211;\u2026 Continue reading\" \/>\n<meta property=\"og:url\" content=\"https:\/\/darabosevi.hu\/hu\/elerhetoseg\/\" \/>\n<meta property=\"og:site_name\" content=\"Darabos \u00c9vi K\u00f6r\u00f6mszalon\" \/>\n<meta property=\"article:modified_time\" content=\"2026-04-19T20:30:26+00:00\" \/>\n<meta property=\"og:image\" content=\"https:\/\/darabosevi.hu\/wp-content\/uploads\/2016\/12\/koromszalon.jpg\" \/>\n\t<meta property=\"og:image:width\" content=\"300\" \/>\n\t<meta property=\"og:image:height\" content=\"446\" \/>\n\t<meta property=\"og:image:type\" content=\"image\/jpeg\" \/>\n<meta name=\"twitter:card\" content=\"summary_large_image\" \/>\n<meta name=\"twitter:label1\" content=\"Becs\u00fclt olvas\u00e1si id\u0151\" \/>\n\t<meta name=\"twitter:data1\" content=\"2 perc\" \/>\n<script type=\"application\/ld+json\" class=\"yoast-schema-graph\">{\"@context\":\"https:\/\/schema.org\",\"@graph\":[{\"@type\":\"WebPage\",\"@id\":\"https:\/\/darabosevi.hu\/hu\/elerhetoseg\/\",\"url\":\"https:\/\/darabosevi.hu\/hu\/elerhetoseg\/\",\"name\":\"El\u00e9rhet\u0151s\u00e9g - Darabos \u00c9vi K\u00f6r\u00f6mszalon\",\"isPartOf\":{\"@id\":\"https:\/\/darabosevi.hu\/hu\/#website\"},\"primaryImageOfPage\":{\"@id\":\"https:\/\/darabosevi.hu\/hu\/elerhetoseg\/#primaryimage\"},\"image\":{\"@id\":\"https:\/\/darabosevi.hu\/hu\/elerhetoseg\/#primaryimage\"},\"thumbnailUrl\":\"https:\/\/darabosevi.hu\/wp-content\/uploads\/2016\/12\/koromszalon-202x300.jpg\",\"datePublished\":\"2016-12-31T13:10:43+00:00\",\"dateModified\":\"2026-04-19T20:30:26+00:00\",\"breadcrumb\":{\"@id\":\"https:\/\/darabosevi.hu\/hu\/elerhetoseg\/#breadcrumb\"},\"inLanguage\":\"hu\",\"potentialAction\":[{\"@type\":\"ReadAction\",\"target\":[\"https:\/\/darabosevi.hu\/hu\/elerhetoseg\/\"]}]},{\"@type\":\"ImageObject\",\"inLanguage\":\"hu\",\"@id\":\"https:\/\/darabosevi.hu\/hu\/elerhetoseg\/#primaryimage\",\"url\":\"https:\/\/darabosevi.hu\/wp-content\/uploads\/2016\/12\/koromszalon-202x300.jpg\",\"contentUrl\":\"https:\/\/darabosevi.hu\/wp-content\/uploads\/2016\/12\/koromszalon-202x300.jpg\"},{\"@type\":\"BreadcrumbList\",\"@id\":\"https:\/\/darabosevi.hu\/hu\/elerhetoseg\/#breadcrumb\",\"itemListElement\":[{\"@type\":\"ListItem\",\"position\":1,\"name\":\"Home\",\"item\":\"https:\/\/darabosevi.hu\/hu\/\"},{\"@type\":\"ListItem\",\"position\":2,\"name\":\"El\u00e9rhet\u0151s\u00e9g\"}]},{\"@type\":\"WebSite\",\"@id\":\"https:\/\/darabosevi.hu\/hu\/#website\",\"url\":\"https:\/\/darabosevi.hu\/hu\/\",\"name\":\"Darabos \u00c9vi K\u00f6r\u00f6mszalon\",\"description\":\"Budapest, 1066, J\u00f3kai utca 7.\",\"potentialAction\":[{\"@type\":\"SearchAction\",\"target\":{\"@type\":\"EntryPoint\",\"urlTemplate\":\"https:\/\/darabosevi.hu\/hu\/?s={search_term_string}\"},\"query-input\":{\"@type\":\"PropertyValueSpecification\",\"valueRequired\":true,\"valueName\":\"search_term_string\"}}],\"inLanguage\":\"hu\"}]}<\/script>\n<!-- \/ Yoast SEO plugin. -->","yoast_head_json":{"title":"El\u00e9rhet\u0151s\u00e9g - Darabos \u00c9vi K\u00f6r\u00f6mszalon","robots":{"index":"index","follow":"follow","max-snippet":"max-snippet:-1","max-image-preview":"max-image-preview:large","max-video-preview":"max-video-preview:-1"},"canonical":"https:\/\/darabosevi.hu\/hu\/elerhetoseg\/","og_locale":"hu_HU","og_type":"article","og_title":"El\u00e9rhet\u0151s\u00e9g - Darabos \u00c9vi K\u00f6r\u00f6mszalon","og_description":"Darabos \u00c9vi K\u00f6r\u00f6mszalon Budapest 1066, J\u00f3kai utca 7.(postac\u00edm: Ter\u00e9z krt 32). \u00a0Nyitvatart\u00e1s:H-P: 8-20 &#8211; Bejelentkez\u00e9s alapj\u00e1nSzo: 9-15 &#8211; Bejelentkez\u00e9s alapj\u00e1n Bejelentkez\u00e9s: Herczegn\u00e9 Csonka Vikt\u00f3ria &#8211; sminktetov\u00e1l\u00e1s:\u00a0 06 30 665 3167H\u0151hn T\u00edmea &#8211; k\u00f6r\u00f6m: 06 30 576 5076Szab\u00f3 S\u00e1ra &#8211; k\u00f6r\u00f6m: 06 20 410 7011Cserm\u00e1k Leila &#8211; IG: @leila_csermakSuri Em\u0151ke &#8211;\u2026 Continue reading","og_url":"https:\/\/darabosevi.hu\/hu\/elerhetoseg\/","og_site_name":"Darabos \u00c9vi K\u00f6r\u00f6mszalon","article_modified_time":"2026-04-19T20:30:26+00:00","og_image":[{"width":300,"height":446,"url":"https:\/\/darabosevi.hu\/wp-content\/uploads\/2016\/12\/koromszalon.jpg","type":"image\/jpeg"}],"twitter_card":"summary_large_image","twitter_misc":{"Becs\u00fclt olvas\u00e1si id\u0151":"2 perc"},"schema":{"@context":"https:\/\/schema.org","@graph":[{"@type":"WebPage","@id":"https:\/\/darabosevi.hu\/hu\/elerhetoseg\/","url":"https:\/\/darabosevi.hu\/hu\/elerhetoseg\/","name":"El\u00e9rhet\u0151s\u00e9g - Darabos \u00c9vi K\u00f6r\u00f6mszalon","isPartOf":{"@id":"https:\/\/darabosevi.hu\/hu\/#website"},"primaryImageOfPage":{"@id":"https:\/\/darabosevi.hu\/hu\/elerhetoseg\/#primaryimage"},"image":{"@id":"https:\/\/darabosevi.hu\/hu\/elerhetoseg\/#primaryimage"},"thumbnailUrl":"https:\/\/darabosevi.hu\/wp-content\/uploads\/2016\/12\/koromszalon-202x300.jpg","datePublished":"2016-12-31T13:10:43+00:00","dateModified":"2026-04-19T20:30:26+00:00","breadcrumb":{"@id":"https:\/\/darabosevi.hu\/hu\/elerhetoseg\/#breadcrumb"},"inLanguage":"hu","potentialAction":[{"@type":"ReadAction","target":["https:\/\/darabosevi.hu\/hu\/elerhetoseg\/"]}]},{"@type":"ImageObject","inLanguage":"hu","@id":"https:\/\/darabosevi.hu\/hu\/elerhetoseg\/#primaryimage","url":"https:\/\/darabosevi.hu\/wp-content\/uploads\/2016\/12\/koromszalon-202x300.jpg","contentUrl":"https:\/\/darabosevi.hu\/wp-content\/uploads\/2016\/12\/koromszalon-202x300.jpg"},{"@type":"BreadcrumbList","@id":"https:\/\/darabosevi.hu\/hu\/elerhetoseg\/#breadcrumb","itemListElement":[{"@type":"ListItem","position":1,"name":"Home","item":"https:\/\/darabosevi.hu\/hu\/"},{"@type":"ListItem","position":2,"name":"El\u00e9rhet\u0151s\u00e9g"}]},{"@type":"WebSite","@id":"https:\/\/darabosevi.hu\/hu\/#website","url":"https:\/\/darabosevi.hu\/hu\/","name":"Darabos \u00c9vi K\u00f6r\u00f6mszalon","description":"Budapest, 1066, J\u00f3kai utca 7.","potentialAction":[{"@type":"SearchAction","target":{"@type":"EntryPoint","urlTemplate":"https:\/\/darabosevi.hu\/hu\/?s={search_term_string}"},"query-input":{"@type":"PropertyValueSpecification","valueRequired":true,"valueName":"search_term_string"}}],"inLanguage":"hu"}]}},"_links":{"self":[{"href":"https:\/\/darabosevi.hu\/hu\/wp-json\/wp\/v2\/pages\/13","targetHints":{"allow":["GET"]}}],"collection":[{"href":"https:\/\/darabosevi.hu\/hu\/wp-json\/wp\/v2\/pages"}],"about":[{"href":"https:\/\/darabosevi.hu\/hu\/wp-json\/wp\/v2\/types\/page"}],"author":[{"embeddable":true,"href":"https:\/\/darabosevi.hu\/hu\/wp-json\/wp\/v2\/users\/1"}],"replies":[{"embeddable":true,"href":"https:\/\/darabosevi.hu\/hu\/wp-json\/wp\/v2\/comments?post=13"}],"version-history":[{"count":68,"href":"https:\/\/darabosevi.hu\/hu\/wp-json\/wp\/v2\/pages\/13\/revisions"}],"predecessor-version":[{"id":1946,"href":"https:\/\/darabosevi.hu\/hu\/wp-json\/wp\/v2\/pages\/13\/revisions\/1946"}],"wp:attachment":[{"href":"https:\/\/darabosevi.hu\/hu\/wp-json\/wp\/v2\/media?parent=13"}],"curies":[{"name":"wp","href":"https:\/\/api.w.org\/{rel}","templated":true}]}}