{"id":1646,"date":"2023-07-06T21:08:40","date_gmt":"2023-07-06T20:08:40","guid":{"rendered":"https:\/\/darabosevi.hu\/hu\/?page_id=1646"},"modified":"2025-09-14T12:24:22","modified_gmt":"2025-09-14T11:24:22","slug":"arlista-szabo-sara","status":"publish","type":"page","link":"https:\/\/darabosevi.hu\/hu\/arlista-szabo-sara\/","title":{"rendered":"\u00c1rlista &#8211; Szab\u00f3 S\u00e1ra"},"content":{"rendered":"\n<p><a href=\"https:\/\/darabosevi.hu\/wp-content\/uploads\/2025\/09\/Pricelist-2025_1-scaled.jpg\"><img loading=\"lazy\" decoding=\"async\" class=\"alignnone wp-image-1866 size-medium\" src=\"https:\/\/darabosevi.hu\/wp-content\/uploads\/2025\/09\/Pricelist-2025_1-212x300.jpg\" alt=\"\" width=\"212\" height=\"300\" srcset=\"https:\/\/darabosevi.hu\/wp-content\/uploads\/2025\/09\/Pricelist-2025_1-212x300.jpg 212w, https:\/\/darabosevi.hu\/wp-content\/uploads\/2025\/09\/Pricelist-2025_1-724x1024.jpg 724w, https:\/\/darabosevi.hu\/wp-content\/uploads\/2025\/09\/Pricelist-2025_1-768x1086.jpg 768w, https:\/\/darabosevi.hu\/wp-content\/uploads\/2025\/09\/Pricelist-2025_1-100x141.jpg 100w, https:\/\/darabosevi.hu\/wp-content\/uploads\/2025\/09\/Pricelist-2025_1-1086x1536.jpg 1086w, https:\/\/darabosevi.hu\/wp-content\/uploads\/2025\/09\/Pricelist-2025_1-1448x2048.jpg 1448w, https:\/\/darabosevi.hu\/wp-content\/uploads\/2025\/09\/Pricelist-2025_1-106x150.jpg 106w, https:\/\/darabosevi.hu\/wp-content\/uploads\/2025\/09\/Pricelist-2025_1-scaled.jpg 1810w\" sizes=\"auto, (max-width: 212px) 100vw, 212px\" \/><\/a><\/p>\n","protected":false},"excerpt":{"rendered":"<p class=\"continue-reading-button\"> <a class=\"continue-reading-link\" href=\"https:\/\/darabosevi.hu\/hu\/arlista-szabo-sara\/\">Continue reading<i class=\"crycon-right-dir\"><\/i><\/a><\/p>\n","protected":false},"author":1,"featured_media":0,"parent":0,"menu_order":0,"comment_status":"closed","ping_status":"closed","template":"","meta":{"footnotes":""},"class_list":["post-1646","page","type-page","status-publish","hentry"],"yoast_head":"<!-- This site is optimized with the Yoast SEO plugin v25.6 - https:\/\/yoast.com\/wordpress\/plugins\/seo\/ -->\n<title>\u00c1rlista - Szab\u00f3 S\u00e1ra - Darabos \u00c9vi K\u00f6r\u00f6mszalon<\/title>\n<meta name=\"robots\" content=\"index, follow, max-snippet:-1, max-image-preview:large, max-video-preview:-1\" \/>\n<link rel=\"canonical\" href=\"https:\/\/darabosevi.hu\/hu\/arlista-szabo-sara\/\" \/>\n<meta property=\"og:locale\" content=\"hu_HU\" \/>\n<meta property=\"og:type\" content=\"article\" \/>\n<meta property=\"og:title\" content=\"\u00c1rlista - Szab\u00f3 S\u00e1ra - Darabos \u00c9vi K\u00f6r\u00f6mszalon\" \/>\n<meta property=\"og:description\" content=\"Continue reading\" \/>\n<meta property=\"og:url\" content=\"https:\/\/darabosevi.hu\/hu\/arlista-szabo-sara\/\" \/>\n<meta property=\"og:site_name\" content=\"Darabos \u00c9vi K\u00f6r\u00f6mszalon\" \/>\n<meta property=\"article:modified_time\" content=\"2025-09-14T11:24:22+00:00\" \/>\n<meta property=\"og:image\" content=\"https:\/\/darabosevi.hu\/wp-content\/uploads\/2025\/09\/Pricelist-2025_1-scaled.jpg\" \/>\n\t<meta property=\"og:image:width\" content=\"1810\" \/>\n\t<meta property=\"og:image:height\" content=\"2560\" \/>\n\t<meta property=\"og:image:type\" content=\"image\/jpeg\" \/>\n<meta name=\"twitter:card\" content=\"summary_large_image\" \/>\n<meta name=\"twitter:label1\" content=\"Becs\u00fclt olvas\u00e1si id\u0151\" \/>\n\t<meta name=\"twitter:data1\" content=\"1 perc\" \/>\n<script type=\"application\/ld+json\" class=\"yoast-schema-graph\">{\"@context\":\"https:\/\/schema.org\",\"@graph\":[{\"@type\":\"WebPage\",\"@id\":\"https:\/\/darabosevi.hu\/hu\/arlista-szabo-sara\/\",\"url\":\"https:\/\/darabosevi.hu\/hu\/arlista-szabo-sara\/\",\"name\":\"\u00c1rlista - Szab\u00f3 S\u00e1ra - Darabos \u00c9vi K\u00f6r\u00f6mszalon\",\"isPartOf\":{\"@id\":\"https:\/\/darabosevi.hu\/hu\/#website\"},\"primaryImageOfPage\":{\"@id\":\"https:\/\/darabosevi.hu\/hu\/arlista-szabo-sara\/#primaryimage\"},\"image\":{\"@id\":\"https:\/\/darabosevi.hu\/hu\/arlista-szabo-sara\/#primaryimage\"},\"thumbnailUrl\":\"https:\/\/darabosevi.hu\/wp-content\/uploads\/2025\/09\/Pricelist-2025_1-212x300.jpg\",\"datePublished\":\"2023-07-06T20:08:40+00:00\",\"dateModified\":\"2025-09-14T11:24:22+00:00\",\"breadcrumb\":{\"@id\":\"https:\/\/darabosevi.hu\/hu\/arlista-szabo-sara\/#breadcrumb\"},\"inLanguage\":\"hu\",\"potentialAction\":[{\"@type\":\"ReadAction\",\"target\":[\"https:\/\/darabosevi.hu\/hu\/arlista-szabo-sara\/\"]}]},{\"@type\":\"ImageObject\",\"inLanguage\":\"hu\",\"@id\":\"https:\/\/darabosevi.hu\/hu\/arlista-szabo-sara\/#primaryimage\",\"url\":\"https:\/\/darabosevi.hu\/wp-content\/uploads\/2025\/09\/Pricelist-2025_1-212x300.jpg\",\"contentUrl\":\"https:\/\/darabosevi.hu\/wp-content\/uploads\/2025\/09\/Pricelist-2025_1-212x300.jpg\"},{\"@type\":\"BreadcrumbList\",\"@id\":\"https:\/\/darabosevi.hu\/hu\/arlista-szabo-sara\/#breadcrumb\",\"itemListElement\":[{\"@type\":\"ListItem\",\"position\":1,\"name\":\"Home\",\"item\":\"https:\/\/darabosevi.hu\/hu\/\"},{\"@type\":\"ListItem\",\"position\":2,\"name\":\"\u00c1rlista &#8211; Szab\u00f3 S\u00e1ra\"}]},{\"@type\":\"WebSite\",\"@id\":\"https:\/\/darabosevi.hu\/hu\/#website\",\"url\":\"https:\/\/darabosevi.hu\/hu\/\",\"name\":\"Darabos \u00c9vi K\u00f6r\u00f6mszalon\",\"description\":\"Budapest, 1066, J\u00f3kai utca 7.\",\"potentialAction\":[{\"@type\":\"SearchAction\",\"target\":{\"@type\":\"EntryPoint\",\"urlTemplate\":\"https:\/\/darabosevi.hu\/hu\/?s={search_term_string}\"},\"query-input\":{\"@type\":\"PropertyValueSpecification\",\"valueRequired\":true,\"valueName\":\"search_term_string\"}}],\"inLanguage\":\"hu\"}]}<\/script>\n<!-- \/ Yoast SEO plugin. -->","yoast_head_json":{"title":"\u00c1rlista - Szab\u00f3 S\u00e1ra - Darabos \u00c9vi K\u00f6r\u00f6mszalon","robots":{"index":"index","follow":"follow","max-snippet":"max-snippet:-1","max-image-preview":"max-image-preview:large","max-video-preview":"max-video-preview:-1"},"canonical":"https:\/\/darabosevi.hu\/hu\/arlista-szabo-sara\/","og_locale":"hu_HU","og_type":"article","og_title":"\u00c1rlista - Szab\u00f3 S\u00e1ra - Darabos \u00c9vi K\u00f6r\u00f6mszalon","og_description":"Continue reading","og_url":"https:\/\/darabosevi.hu\/hu\/arlista-szabo-sara\/","og_site_name":"Darabos \u00c9vi K\u00f6r\u00f6mszalon","article_modified_time":"2025-09-14T11:24:22+00:00","og_image":[{"width":1810,"height":2560,"url":"https:\/\/darabosevi.hu\/wp-content\/uploads\/2025\/09\/Pricelist-2025_1-scaled.jpg","type":"image\/jpeg"}],"twitter_card":"summary_large_image","twitter_misc":{"Becs\u00fclt olvas\u00e1si id\u0151":"1 perc"},"schema":{"@context":"https:\/\/schema.org","@graph":[{"@type":"WebPage","@id":"https:\/\/darabosevi.hu\/hu\/arlista-szabo-sara\/","url":"https:\/\/darabosevi.hu\/hu\/arlista-szabo-sara\/","name":"\u00c1rlista - Szab\u00f3 S\u00e1ra - Darabos \u00c9vi K\u00f6r\u00f6mszalon","isPartOf":{"@id":"https:\/\/darabosevi.hu\/hu\/#website"},"primaryImageOfPage":{"@id":"https:\/\/darabosevi.hu\/hu\/arlista-szabo-sara\/#primaryimage"},"image":{"@id":"https:\/\/darabosevi.hu\/hu\/arlista-szabo-sara\/#primaryimage"},"thumbnailUrl":"https:\/\/darabosevi.hu\/wp-content\/uploads\/2025\/09\/Pricelist-2025_1-212x300.jpg","datePublished":"2023-07-06T20:08:40+00:00","dateModified":"2025-09-14T11:24:22+00:00","breadcrumb":{"@id":"https:\/\/darabosevi.hu\/hu\/arlista-szabo-sara\/#breadcrumb"},"inLanguage":"hu","potentialAction":[{"@type":"ReadAction","target":["https:\/\/darabosevi.hu\/hu\/arlista-szabo-sara\/"]}]},{"@type":"ImageObject","inLanguage":"hu","@id":"https:\/\/darabosevi.hu\/hu\/arlista-szabo-sara\/#primaryimage","url":"https:\/\/darabosevi.hu\/wp-content\/uploads\/2025\/09\/Pricelist-2025_1-212x300.jpg","contentUrl":"https:\/\/darabosevi.hu\/wp-content\/uploads\/2025\/09\/Pricelist-2025_1-212x300.jpg"},{"@type":"BreadcrumbList","@id":"https:\/\/darabosevi.hu\/hu\/arlista-szabo-sara\/#breadcrumb","itemListElement":[{"@type":"ListItem","position":1,"name":"Home","item":"https:\/\/darabosevi.hu\/hu\/"},{"@type":"ListItem","position":2,"name":"\u00c1rlista &#8211; Szab\u00f3 S\u00e1ra"}]},{"@type":"WebSite","@id":"https:\/\/darabosevi.hu\/hu\/#website","url":"https:\/\/darabosevi.hu\/hu\/","name":"Darabos \u00c9vi K\u00f6r\u00f6mszalon","description":"Budapest, 1066, J\u00f3kai utca 7.","potentialAction":[{"@type":"SearchAction","target":{"@type":"EntryPoint","urlTemplate":"https:\/\/darabosevi.hu\/hu\/?s={search_term_string}"},"query-input":{"@type":"PropertyValueSpecification","valueRequired":true,"valueName":"search_term_string"}}],"inLanguage":"hu"}]}},"_links":{"self":[{"href":"https:\/\/darabosevi.hu\/hu\/wp-json\/wp\/v2\/pages\/1646","targetHints":{"allow":["GET"]}}],"collection":[{"href":"https:\/\/darabosevi.hu\/hu\/wp-json\/wp\/v2\/pages"}],"about":[{"href":"https:\/\/darabosevi.hu\/hu\/wp-json\/wp\/v2\/types\/page"}],"author":[{"embeddable":true,"href":"https:\/\/darabosevi.hu\/hu\/wp-json\/wp\/v2\/users\/1"}],"replies":[{"embeddable":true,"href":"https:\/\/darabosevi.hu\/hu\/wp-json\/wp\/v2\/comments?post=1646"}],"version-history":[{"count":12,"href":"https:\/\/darabosevi.hu\/hu\/wp-json\/wp\/v2\/pages\/1646\/revisions"}],"predecessor-version":[{"id":1869,"href":"https:\/\/darabosevi.hu\/hu\/wp-json\/wp\/v2\/pages\/1646\/revisions\/1869"}],"wp:attachment":[{"href":"https:\/\/darabosevi.hu\/hu\/wp-json\/wp\/v2\/media?parent=1646"}],"curies":[{"name":"wp","href":"https:\/\/api.w.org\/{rel}","templated":true}]}}