{"id":1764,"date":"2024-07-05T21:26:45","date_gmt":"2024-07-05T20:26:45","guid":{"rendered":"https:\/\/darabosevi.hu\/hu\/?page_id=1764"},"modified":"2024-07-13T22:16:19","modified_gmt":"2024-07-13T21:16:19","slug":"sminktetovalas","status":"publish","type":"page","link":"https:\/\/darabosevi.hu\/hu\/sminktetovalas\/","title":{"rendered":"Sminktetov\u00e1l\u00e1s"},"content":{"rendered":"\n<p>Kedves Vend\u00e9geink, Oldalk\u00f6vet\u0151ink!<br \/><img loading=\"lazy\" decoding=\"async\" class=\"size-medium wp-image-1796 alignright\" src=\"https:\/\/darabosevi.hu\/wp-content\/uploads\/2024\/07\/0fd366ad-5af9-4105-9dac-440a8e478d33-187x300.jpeg\" alt=\"\" width=\"187\" height=\"300\" srcset=\"https:\/\/darabosevi.hu\/wp-content\/uploads\/2024\/07\/0fd366ad-5af9-4105-9dac-440a8e478d33-187x300.jpeg 187w, https:\/\/darabosevi.hu\/wp-content\/uploads\/2024\/07\/0fd366ad-5af9-4105-9dac-440a8e478d33-637x1024.jpeg 637w, https:\/\/darabosevi.hu\/wp-content\/uploads\/2024\/07\/0fd366ad-5af9-4105-9dac-440a8e478d33-768x1234.jpeg 768w, https:\/\/darabosevi.hu\/wp-content\/uploads\/2024\/07\/0fd366ad-5af9-4105-9dac-440a8e478d33-956x1536.jpeg 956w, https:\/\/darabosevi.hu\/wp-content\/uploads\/2024\/07\/0fd366ad-5af9-4105-9dac-440a8e478d33-93x150.jpeg 93w, https:\/\/darabosevi.hu\/wp-content\/uploads\/2024\/07\/0fd366ad-5af9-4105-9dac-440a8e478d33.jpeg 1113w\" sizes=\"auto, (max-width: 187px) 100vw, 187px\" \/>Szeretn\u00e9k nagy \u00f6r\u00f6mmel bemutatkozni Nektek, a Darabos \u00c9vi K\u00f6r\u00f6mszalon leg\u00fajabb tagjak\u00e9nt. A nevem Herczegn\u00e9 Csonka Vikt\u00f3ria, kozmetikus-sminktetov\u00e1l\u00f3 \u00e9s eszt\u00e9tikai sminktetov\u00e1l\u00e1sok k\u00e9sz\u00edt\u00e9s\u00e9vel foglalkozom.<br \/>Munk\u00e1mban t\u00f6rekszem a term\u00e9szetess\u00e9gre, precizit\u00e1sra \u00e9s min\u0151s\u00e9gre. \u00c9pp ez\u00e9rt haszn\u00e1lom a Perma Blend, Rosa \u00e9s Biotek pigmentjeit melyek kiv\u00e1l\u00f3 min\u0151s\u00e9g\u0171ek \u00e9s sz\u00ednsk\u00e1l\u00e1juk lefed minden ig\u00e9nyt.<\/p>\n\n\n\n<p>A k\u00f6vetkez\u0151 technik\u00e1kkal dolgozom:<br><strong>szem\u00f6ld\u00f6k<\/strong><\/p>\n\n\n\n<ul class=\"wp-block-list\">\n<li>microblading sz\u00e1lazott technika: a legterm\u00e9szetesebb hat\u00e1s \u00e9rhet\u0151 el vele, azoknak aj\u00e1nlom akik nem sminkelik magukat a mindennapokban, csak egy szinte \u00e9szrevehetetlen hat\u00e1st szeretn\u00e9nek el\u00e9rni<\/li>\n\n\n\n<li>Soft p\u00fader technika: l\u00e1gy p\u00faderes tetov\u00e1l\u00e1s, \u00e1rny\u00e9kolt, enyh\u00e9n sminkelt hat\u00e1s\u00fa v\u00e9geredm\u00e9ny\u00e9rt<\/li>\n\n\n\n<li>Hybrid kombin\u00e1lt technika: a k\u00e9zi microblading sz\u00e1laz\u00e1s ut\u00e1n, p\u00fader technik\u00e1val adjuk meg a szem\u00f6ld\u00f6k plusz d\u00fass\u00e1g\u00e1t, volumen\u00e9t<\/li>\n<\/ul>\n\n\n\n<p><strong>ajak<\/strong><\/p>\n\n\n\n<ul class=\"wp-block-list\">\n<li>teljes vagy f\u00e9lsat\u00edr: ezek ig\u00e9ny szerint k\u00e9rhet\u0151ek kicsit szell\u0151sebb pigment\u00e1l\u00e1ssal vagy r\u00fazsozott v\u00e9geredm\u00e9nnyel is<\/li>\n<\/ul>\n\n\n\n<p><strong>szemh\u00e9j<\/strong><\/p>\n\n\n\n<ul class=\"wp-block-list\">\n<li>szempillas\u0171r\u00edt\u0151: v\u00e9kony, fekete, t\u00f6m\u00e9ny kont\u00farvonal melyekkel a fels\u0151 pillasort \u00f6sszek\u00f6tj\u00fck egym\u00e1ssal ezzel egy eleg\u00e1ns, m\u00e9gsem sminkelt hat\u00e1s \u00e9rhet\u0151 el, amely l\u00e1gyan kiemeli a tekintetet<\/li>\n\n\n\n<li>klasszikus tusvonal: v\u00e9kony, norm\u00e1l vagy vastag tusvonal, t\u00f6m\u00e9ny, fekete, a v\u00e9g\u00e9n kecses flickkel z\u00e1rva.<\/li>\n<\/ul>\n\n\n\n<p>A kezel\u00e9sek mindegyike \u00e9rz\u00e9stelen\u00edt\u00e9s mellett zajlik, lidokain tartalm\u00fa kr\u00e9mmel, kiz\u00e1r\u00f3lag k\u00fcls\u0151leg \u00edgy a<br>f\u00e1jdalom\u00e9rzet abszol\u00fat minimaliz\u00e1lt. A tetov\u00e1l\u00e1s minden r\u00e9szlet\u00e9t k\u00f6z\u00f6sen besz\u00e9lj\u00fck meg, tan\u00e1csaimmal v\u00e9gig seg\u00edtem d\u00f6nt\u00e9seid.<\/p>\n\n\n\n<p><br>Mint minden kozmetikai kezel\u00e9snek \u00edgy a sminktetov\u00e1l\u00e1snak is vannak kontraindik\u00e1ci\u00f3i amikor nem lehet elv\u00e9gezni a munk\u00e1t, illetve vannak olyan esetek amikor fokozott figyelemmel de elv\u00e9gezhet\u0151 a tetov\u00e1l\u00e1s, id\u0151pontfoglal\u00e1skor ezekr\u0151l mindenk\u00e9pp ejt\u00fcnk p\u00e1r sz\u00f3t mint ahogy t\u00e1j\u00e9koztatlak a tetov\u00e1l\u00e1st megel\u0151z\u0151 \u00e9s ut\u00f3\u00e1pol\u00e1si teend\u0151kr\u0151l is!<br>A kezel\u00e9sek nagyj\u00e1b\u00f3l 2-3 \u00f3ra alatt k\u00e9sz\u00fclnek el, enyhe piross\u00e1g \u00e9s \u00f6d\u00e9ma egyes ter\u00fcleteken jelentkezhet de a tetov\u00e1l\u00e1s v\u00e9gezt\u00e9vel egy h\u00e9tk\u00f6znapi nap gond \u00e9s kellemetlens\u00e9g n\u00e9lk\u00fcl folytathat\u00f3. Ha m\u00e9g akad p\u00e1r megv\u00e1laszolatlan k\u00e9rd\u00e9s, akkor egy k\u00fcl\u00f6n r\u00f6vid konzult\u00e1ci\u00f3ra is van lehet\u0151s\u00e9g.<\/p>\n\n\n\n<p><strong>Id\u0151pont foglal\u00e1sa, \u00e9rdekl\u0151d\u00e9s lehets\u00e9ges:<\/strong><br>telefonon a 0630\/6653167-es telefonsz\u00e1mon illetve<br>\u00fczenetben az oldalamnak \u00edrva: <a href=\"https:\/\/www.facebook.com\/profile.php?id=100084956320347\" target=\"_blank\" rel=\"noopener\">HV Studio-Sminktetov\u00e1l\u00e1s\/M\u0171k\u00f6r\u00f6m\u00e9p\u00edt\u00e9s<\/a><\/p>\n\n\n\n<p><br>Szeretettel v\u00e1rom minden kedves Vend\u00e9gemet szem\u00f6ld\u00f6k, ajak vagy szemh\u00e9j sminktetov\u00e1l\u00e1sra!<\/p>\n","protected":false},"excerpt":{"rendered":"<p>Kedves Vend\u00e9geink, Oldalk\u00f6vet\u0151ink!Szeretn\u00e9k nagy \u00f6r\u00f6mmel bemutatkozni Nektek, a Darabos \u00c9vi K\u00f6r\u00f6mszalon leg\u00fajabb tagjak\u00e9nt. A nevem Herczegn\u00e9 Csonka Vikt\u00f3ria, kozmetikus-sminktetov\u00e1l\u00f3 \u00e9s eszt\u00e9tikai sminktetov\u00e1l\u00e1sok k\u00e9sz\u00edt\u00e9s\u00e9vel foglalkozom.Munk\u00e1mban t\u00f6rekszem a term\u00e9szetess\u00e9gre, precizit\u00e1sra \u00e9s min\u0151s\u00e9gre. \u00c9pp ez\u00e9rt haszn\u00e1lom a Perma Blend, Rosa \u00e9s Biotek pigmentjeit melyek kiv\u00e1l\u00f3 min\u0151s\u00e9g\u0171ek \u00e9s sz\u00ednsk\u00e1l\u00e1juk lefed minden ig\u00e9nyt. A k\u00f6vetkez\u0151\u2026<\/p>\n<p class=\"continue-reading-button\"> <a class=\"continue-reading-link\" href=\"https:\/\/darabosevi.hu\/hu\/sminktetovalas\/\">Continue reading<i class=\"crycon-right-dir\"><\/i><\/a><\/p>\n","protected":false},"author":1,"featured_media":0,"parent":0,"menu_order":0,"comment_status":"closed","ping_status":"closed","template":"","meta":{"footnotes":""},"class_list":["post-1764","page","type-page","status-publish","hentry"],"yoast_head":"<!-- This site is optimized with the Yoast SEO plugin v25.6 - https:\/\/yoast.com\/wordpress\/plugins\/seo\/ -->\n<title>Sminktetov\u00e1l\u00e1s - Darabos \u00c9vi K\u00f6r\u00f6mszalon<\/title>\n<meta name=\"robots\" content=\"index, follow, max-snippet:-1, max-image-preview:large, max-video-preview:-1\" \/>\n<link rel=\"canonical\" href=\"https:\/\/darabosevi.hu\/hu\/sminktetovalas\/\" \/>\n<meta property=\"og:locale\" content=\"hu_HU\" \/>\n<meta property=\"og:type\" content=\"article\" \/>\n<meta property=\"og:title\" content=\"Sminktetov\u00e1l\u00e1s - Darabos \u00c9vi K\u00f6r\u00f6mszalon\" \/>\n<meta property=\"og:description\" content=\"Kedves Vend\u00e9geink, Oldalk\u00f6vet\u0151ink!Szeretn\u00e9k nagy \u00f6r\u00f6mmel bemutatkozni Nektek, a Darabos \u00c9vi K\u00f6r\u00f6mszalon leg\u00fajabb tagjak\u00e9nt. A nevem Herczegn\u00e9 Csonka Vikt\u00f3ria, kozmetikus-sminktetov\u00e1l\u00f3 \u00e9s eszt\u00e9tikai sminktetov\u00e1l\u00e1sok k\u00e9sz\u00edt\u00e9s\u00e9vel foglalkozom.Munk\u00e1mban t\u00f6rekszem a term\u00e9szetess\u00e9gre, precizit\u00e1sra \u00e9s min\u0151s\u00e9gre. \u00c9pp ez\u00e9rt haszn\u00e1lom a Perma Blend, Rosa \u00e9s Biotek pigmentjeit melyek kiv\u00e1l\u00f3 min\u0151s\u00e9g\u0171ek \u00e9s sz\u00ednsk\u00e1l\u00e1juk lefed minden ig\u00e9nyt. A k\u00f6vetkez\u0151\u2026 Continue reading\" \/>\n<meta property=\"og:url\" content=\"https:\/\/darabosevi.hu\/hu\/sminktetovalas\/\" \/>\n<meta property=\"og:site_name\" content=\"Darabos \u00c9vi K\u00f6r\u00f6mszalon\" \/>\n<meta property=\"article:modified_time\" content=\"2024-07-13T21:16:19+00:00\" \/>\n<meta property=\"og:image\" content=\"https:\/\/darabosevi.hu\/wp-content\/uploads\/2024\/07\/0fd366ad-5af9-4105-9dac-440a8e478d33-187x300.jpeg\" \/>\n<meta name=\"twitter:card\" content=\"summary_large_image\" \/>\n<meta name=\"twitter:label1\" content=\"Becs\u00fclt olvas\u00e1si id\u0151\" \/>\n\t<meta name=\"twitter:data1\" content=\"2 perc\" \/>\n<script type=\"application\/ld+json\" class=\"yoast-schema-graph\">{\"@context\":\"https:\/\/schema.org\",\"@graph\":[{\"@type\":\"WebPage\",\"@id\":\"https:\/\/darabosevi.hu\/hu\/sminktetovalas\/\",\"url\":\"https:\/\/darabosevi.hu\/hu\/sminktetovalas\/\",\"name\":\"Sminktetov\u00e1l\u00e1s - Darabos \u00c9vi K\u00f6r\u00f6mszalon\",\"isPartOf\":{\"@id\":\"https:\/\/darabosevi.hu\/hu\/#website\"},\"primaryImageOfPage\":{\"@id\":\"https:\/\/darabosevi.hu\/hu\/sminktetovalas\/#primaryimage\"},\"image\":{\"@id\":\"https:\/\/darabosevi.hu\/hu\/sminktetovalas\/#primaryimage\"},\"thumbnailUrl\":\"https:\/\/darabosevi.hu\/wp-content\/uploads\/2024\/07\/0fd366ad-5af9-4105-9dac-440a8e478d33-187x300.jpeg\",\"datePublished\":\"2024-07-05T20:26:45+00:00\",\"dateModified\":\"2024-07-13T21:16:19+00:00\",\"breadcrumb\":{\"@id\":\"https:\/\/darabosevi.hu\/hu\/sminktetovalas\/#breadcrumb\"},\"inLanguage\":\"hu\",\"potentialAction\":[{\"@type\":\"ReadAction\",\"target\":[\"https:\/\/darabosevi.hu\/hu\/sminktetovalas\/\"]}]},{\"@type\":\"ImageObject\",\"inLanguage\":\"hu\",\"@id\":\"https:\/\/darabosevi.hu\/hu\/sminktetovalas\/#primaryimage\",\"url\":\"https:\/\/darabosevi.hu\/wp-content\/uploads\/2024\/07\/0fd366ad-5af9-4105-9dac-440a8e478d33-187x300.jpeg\",\"contentUrl\":\"https:\/\/darabosevi.hu\/wp-content\/uploads\/2024\/07\/0fd366ad-5af9-4105-9dac-440a8e478d33-187x300.jpeg\"},{\"@type\":\"BreadcrumbList\",\"@id\":\"https:\/\/darabosevi.hu\/hu\/sminktetovalas\/#breadcrumb\",\"itemListElement\":[{\"@type\":\"ListItem\",\"position\":1,\"name\":\"Home\",\"item\":\"https:\/\/darabosevi.hu\/hu\/\"},{\"@type\":\"ListItem\",\"position\":2,\"name\":\"Sminktetov\u00e1l\u00e1s\"}]},{\"@type\":\"WebSite\",\"@id\":\"https:\/\/darabosevi.hu\/hu\/#website\",\"url\":\"https:\/\/darabosevi.hu\/hu\/\",\"name\":\"Darabos \u00c9vi K\u00f6r\u00f6mszalon\",\"description\":\"Budapest, 1066, J\u00f3kai utca 7.\",\"potentialAction\":[{\"@type\":\"SearchAction\",\"target\":{\"@type\":\"EntryPoint\",\"urlTemplate\":\"https:\/\/darabosevi.hu\/hu\/?s={search_term_string}\"},\"query-input\":{\"@type\":\"PropertyValueSpecification\",\"valueRequired\":true,\"valueName\":\"search_term_string\"}}],\"inLanguage\":\"hu\"}]}<\/script>\n<!-- \/ Yoast SEO plugin. -->","yoast_head_json":{"title":"Sminktetov\u00e1l\u00e1s - Darabos \u00c9vi K\u00f6r\u00f6mszalon","robots":{"index":"index","follow":"follow","max-snippet":"max-snippet:-1","max-image-preview":"max-image-preview:large","max-video-preview":"max-video-preview:-1"},"canonical":"https:\/\/darabosevi.hu\/hu\/sminktetovalas\/","og_locale":"hu_HU","og_type":"article","og_title":"Sminktetov\u00e1l\u00e1s - Darabos \u00c9vi K\u00f6r\u00f6mszalon","og_description":"Kedves Vend\u00e9geink, Oldalk\u00f6vet\u0151ink!Szeretn\u00e9k nagy \u00f6r\u00f6mmel bemutatkozni Nektek, a Darabos \u00c9vi K\u00f6r\u00f6mszalon leg\u00fajabb tagjak\u00e9nt. A nevem Herczegn\u00e9 Csonka Vikt\u00f3ria, kozmetikus-sminktetov\u00e1l\u00f3 \u00e9s eszt\u00e9tikai sminktetov\u00e1l\u00e1sok k\u00e9sz\u00edt\u00e9s\u00e9vel foglalkozom.Munk\u00e1mban t\u00f6rekszem a term\u00e9szetess\u00e9gre, precizit\u00e1sra \u00e9s min\u0151s\u00e9gre. \u00c9pp ez\u00e9rt haszn\u00e1lom a Perma Blend, Rosa \u00e9s Biotek pigmentjeit melyek kiv\u00e1l\u00f3 min\u0151s\u00e9g\u0171ek \u00e9s sz\u00ednsk\u00e1l\u00e1juk lefed minden ig\u00e9nyt. A k\u00f6vetkez\u0151\u2026 Continue reading","og_url":"https:\/\/darabosevi.hu\/hu\/sminktetovalas\/","og_site_name":"Darabos \u00c9vi K\u00f6r\u00f6mszalon","article_modified_time":"2024-07-13T21:16:19+00:00","og_image":[{"url":"https:\/\/darabosevi.hu\/wp-content\/uploads\/2024\/07\/0fd366ad-5af9-4105-9dac-440a8e478d33-187x300.jpeg","type":"","width":"","height":""}],"twitter_card":"summary_large_image","twitter_misc":{"Becs\u00fclt olvas\u00e1si id\u0151":"2 perc"},"schema":{"@context":"https:\/\/schema.org","@graph":[{"@type":"WebPage","@id":"https:\/\/darabosevi.hu\/hu\/sminktetovalas\/","url":"https:\/\/darabosevi.hu\/hu\/sminktetovalas\/","name":"Sminktetov\u00e1l\u00e1s - Darabos \u00c9vi K\u00f6r\u00f6mszalon","isPartOf":{"@id":"https:\/\/darabosevi.hu\/hu\/#website"},"primaryImageOfPage":{"@id":"https:\/\/darabosevi.hu\/hu\/sminktetovalas\/#primaryimage"},"image":{"@id":"https:\/\/darabosevi.hu\/hu\/sminktetovalas\/#primaryimage"},"thumbnailUrl":"https:\/\/darabosevi.hu\/wp-content\/uploads\/2024\/07\/0fd366ad-5af9-4105-9dac-440a8e478d33-187x300.jpeg","datePublished":"2024-07-05T20:26:45+00:00","dateModified":"2024-07-13T21:16:19+00:00","breadcrumb":{"@id":"https:\/\/darabosevi.hu\/hu\/sminktetovalas\/#breadcrumb"},"inLanguage":"hu","potentialAction":[{"@type":"ReadAction","target":["https:\/\/darabosevi.hu\/hu\/sminktetovalas\/"]}]},{"@type":"ImageObject","inLanguage":"hu","@id":"https:\/\/darabosevi.hu\/hu\/sminktetovalas\/#primaryimage","url":"https:\/\/darabosevi.hu\/wp-content\/uploads\/2024\/07\/0fd366ad-5af9-4105-9dac-440a8e478d33-187x300.jpeg","contentUrl":"https:\/\/darabosevi.hu\/wp-content\/uploads\/2024\/07\/0fd366ad-5af9-4105-9dac-440a8e478d33-187x300.jpeg"},{"@type":"BreadcrumbList","@id":"https:\/\/darabosevi.hu\/hu\/sminktetovalas\/#breadcrumb","itemListElement":[{"@type":"ListItem","position":1,"name":"Home","item":"https:\/\/darabosevi.hu\/hu\/"},{"@type":"ListItem","position":2,"name":"Sminktetov\u00e1l\u00e1s"}]},{"@type":"WebSite","@id":"https:\/\/darabosevi.hu\/hu\/#website","url":"https:\/\/darabosevi.hu\/hu\/","name":"Darabos \u00c9vi K\u00f6r\u00f6mszalon","description":"Budapest, 1066, J\u00f3kai utca 7.","potentialAction":[{"@type":"SearchAction","target":{"@type":"EntryPoint","urlTemplate":"https:\/\/darabosevi.hu\/hu\/?s={search_term_string}"},"query-input":{"@type":"PropertyValueSpecification","valueRequired":true,"valueName":"search_term_string"}}],"inLanguage":"hu"}]}},"_links":{"self":[{"href":"https:\/\/darabosevi.hu\/hu\/wp-json\/wp\/v2\/pages\/1764","targetHints":{"allow":["GET"]}}],"collection":[{"href":"https:\/\/darabosevi.hu\/hu\/wp-json\/wp\/v2\/pages"}],"about":[{"href":"https:\/\/darabosevi.hu\/hu\/wp-json\/wp\/v2\/types\/page"}],"author":[{"embeddable":true,"href":"https:\/\/darabosevi.hu\/hu\/wp-json\/wp\/v2\/users\/1"}],"replies":[{"embeddable":true,"href":"https:\/\/darabosevi.hu\/hu\/wp-json\/wp\/v2\/comments?post=1764"}],"version-history":[{"count":4,"href":"https:\/\/darabosevi.hu\/hu\/wp-json\/wp\/v2\/pages\/1764\/revisions"}],"predecessor-version":[{"id":1813,"href":"https:\/\/darabosevi.hu\/hu\/wp-json\/wp\/v2\/pages\/1764\/revisions\/1813"}],"wp:attachment":[{"href":"https:\/\/darabosevi.hu\/hu\/wp-json\/wp\/v2\/media?parent=1764"}],"curies":[{"name":"wp","href":"https:\/\/api.w.org\/{rel}","templated":true}]}}