{"id":1772,"date":"2024-07-05T21:44:28","date_gmt":"2024-07-05T20:44:28","guid":{"rendered":"https:\/\/darabosevi.hu\/hu\/?page_id=1772"},"modified":"2024-07-06T07:05:00","modified_gmt":"2024-07-06T06:05:00","slug":"arlista-herczegne-csonka-viktoria","status":"publish","type":"page","link":"https:\/\/darabosevi.hu\/hu\/arlista-herczegne-csonka-viktoria\/","title":{"rendered":"\u00c1rlista &#8211; H. Csonka Vikt\u00f3ria"},"content":{"rendered":"\n<p><a href=\"https:\/\/darabosevi.hu\/wp-content\/uploads\/2024\/07\/arlista-202407-CsonkaViktoria.jpeg\"><img loading=\"lazy\" decoding=\"async\" class=\"alignnone wp-image-1785 size-large\" src=\"https:\/\/darabosevi.hu\/wp-content\/uploads\/2024\/07\/arlista-202407-CsonkaViktoria-632x1024.jpeg\" alt=\"\" width=\"632\" height=\"1024\" srcset=\"https:\/\/darabosevi.hu\/wp-content\/uploads\/2024\/07\/arlista-202407-CsonkaViktoria-632x1024.jpeg 632w, https:\/\/darabosevi.hu\/wp-content\/uploads\/2024\/07\/arlista-202407-CsonkaViktoria-185x300.jpeg 185w, https:\/\/darabosevi.hu\/wp-content\/uploads\/2024\/07\/arlista-202407-CsonkaViktoria-768x1245.jpeg 768w, https:\/\/darabosevi.hu\/wp-content\/uploads\/2024\/07\/arlista-202407-CsonkaViktoria-948x1536.jpeg 948w, https:\/\/darabosevi.hu\/wp-content\/uploads\/2024\/07\/arlista-202407-CsonkaViktoria-93x150.jpeg 93w, https:\/\/darabosevi.hu\/wp-content\/uploads\/2024\/07\/arlista-202407-CsonkaViktoria.jpeg 1170w\" sizes=\"auto, (max-width: 632px) 100vw, 632px\" \/><\/a><\/p>\n","protected":false},"excerpt":{"rendered":"<p class=\"continue-reading-button\"> <a class=\"continue-reading-link\" href=\"https:\/\/darabosevi.hu\/hu\/arlista-herczegne-csonka-viktoria\/\">Continue reading<i class=\"crycon-right-dir\"><\/i><\/a><\/p>\n","protected":false},"author":1,"featured_media":0,"parent":0,"menu_order":0,"comment_status":"closed","ping_status":"closed","template":"","meta":{"footnotes":""},"class_list":["post-1772","page","type-page","status-publish","hentry"],"yoast_head":"<!-- This site is optimized with the Yoast SEO plugin v25.6 - https:\/\/yoast.com\/wordpress\/plugins\/seo\/ -->\n<title>\u00c1rlista - H. Csonka Vikt\u00f3ria - Darabos \u00c9vi K\u00f6r\u00f6mszalon<\/title>\n<meta name=\"robots\" content=\"index, follow, max-snippet:-1, max-image-preview:large, max-video-preview:-1\" \/>\n<link rel=\"canonical\" href=\"https:\/\/darabosevi.hu\/hu\/arlista-herczegne-csonka-viktoria\/\" \/>\n<meta property=\"og:locale\" content=\"hu_HU\" \/>\n<meta property=\"og:type\" content=\"article\" \/>\n<meta property=\"og:title\" content=\"\u00c1rlista - H. Csonka Vikt\u00f3ria - Darabos \u00c9vi K\u00f6r\u00f6mszalon\" \/>\n<meta property=\"og:description\" content=\"Continue reading\" \/>\n<meta property=\"og:url\" content=\"https:\/\/darabosevi.hu\/hu\/arlista-herczegne-csonka-viktoria\/\" \/>\n<meta property=\"og:site_name\" content=\"Darabos \u00c9vi K\u00f6r\u00f6mszalon\" \/>\n<meta property=\"article:modified_time\" content=\"2024-07-06T06:05:00+00:00\" \/>\n<meta property=\"og:image\" content=\"https:\/\/darabosevi.hu\/wp-content\/uploads\/2024\/07\/arlista-202407-CsonkaViktoria-632x1024.jpeg\" \/>\n<meta name=\"twitter:card\" content=\"summary_large_image\" \/>\n<meta name=\"twitter:label1\" content=\"Becs\u00fclt olvas\u00e1si id\u0151\" \/>\n\t<meta name=\"twitter:data1\" content=\"1 perc\" \/>\n<script type=\"application\/ld+json\" class=\"yoast-schema-graph\">{\"@context\":\"https:\/\/schema.org\",\"@graph\":[{\"@type\":\"WebPage\",\"@id\":\"https:\/\/darabosevi.hu\/hu\/arlista-herczegne-csonka-viktoria\/\",\"url\":\"https:\/\/darabosevi.hu\/hu\/arlista-herczegne-csonka-viktoria\/\",\"name\":\"\u00c1rlista - H. Csonka Vikt\u00f3ria - Darabos \u00c9vi K\u00f6r\u00f6mszalon\",\"isPartOf\":{\"@id\":\"https:\/\/darabosevi.hu\/hu\/#website\"},\"primaryImageOfPage\":{\"@id\":\"https:\/\/darabosevi.hu\/hu\/arlista-herczegne-csonka-viktoria\/#primaryimage\"},\"image\":{\"@id\":\"https:\/\/darabosevi.hu\/hu\/arlista-herczegne-csonka-viktoria\/#primaryimage\"},\"thumbnailUrl\":\"https:\/\/darabosevi.hu\/wp-content\/uploads\/2024\/07\/arlista-202407-CsonkaViktoria-632x1024.jpeg\",\"datePublished\":\"2024-07-05T20:44:28+00:00\",\"dateModified\":\"2024-07-06T06:05:00+00:00\",\"breadcrumb\":{\"@id\":\"https:\/\/darabosevi.hu\/hu\/arlista-herczegne-csonka-viktoria\/#breadcrumb\"},\"inLanguage\":\"hu\",\"potentialAction\":[{\"@type\":\"ReadAction\",\"target\":[\"https:\/\/darabosevi.hu\/hu\/arlista-herczegne-csonka-viktoria\/\"]}]},{\"@type\":\"ImageObject\",\"inLanguage\":\"hu\",\"@id\":\"https:\/\/darabosevi.hu\/hu\/arlista-herczegne-csonka-viktoria\/#primaryimage\",\"url\":\"https:\/\/darabosevi.hu\/wp-content\/uploads\/2024\/07\/arlista-202407-CsonkaViktoria-632x1024.jpeg\",\"contentUrl\":\"https:\/\/darabosevi.hu\/wp-content\/uploads\/2024\/07\/arlista-202407-CsonkaViktoria-632x1024.jpeg\"},{\"@type\":\"BreadcrumbList\",\"@id\":\"https:\/\/darabosevi.hu\/hu\/arlista-herczegne-csonka-viktoria\/#breadcrumb\",\"itemListElement\":[{\"@type\":\"ListItem\",\"position\":1,\"name\":\"Home\",\"item\":\"https:\/\/darabosevi.hu\/hu\/\"},{\"@type\":\"ListItem\",\"position\":2,\"name\":\"\u00c1rlista &#8211; H. Csonka Vikt\u00f3ria\"}]},{\"@type\":\"WebSite\",\"@id\":\"https:\/\/darabosevi.hu\/hu\/#website\",\"url\":\"https:\/\/darabosevi.hu\/hu\/\",\"name\":\"Darabos \u00c9vi K\u00f6r\u00f6mszalon\",\"description\":\"Budapest, 1066, J\u00f3kai utca 7.\",\"potentialAction\":[{\"@type\":\"SearchAction\",\"target\":{\"@type\":\"EntryPoint\",\"urlTemplate\":\"https:\/\/darabosevi.hu\/hu\/?s={search_term_string}\"},\"query-input\":{\"@type\":\"PropertyValueSpecification\",\"valueRequired\":true,\"valueName\":\"search_term_string\"}}],\"inLanguage\":\"hu\"}]}<\/script>\n<!-- \/ Yoast SEO plugin. -->","yoast_head_json":{"title":"\u00c1rlista - H. Csonka Vikt\u00f3ria - Darabos \u00c9vi K\u00f6r\u00f6mszalon","robots":{"index":"index","follow":"follow","max-snippet":"max-snippet:-1","max-image-preview":"max-image-preview:large","max-video-preview":"max-video-preview:-1"},"canonical":"https:\/\/darabosevi.hu\/hu\/arlista-herczegne-csonka-viktoria\/","og_locale":"hu_HU","og_type":"article","og_title":"\u00c1rlista - H. Csonka Vikt\u00f3ria - Darabos \u00c9vi K\u00f6r\u00f6mszalon","og_description":"Continue reading","og_url":"https:\/\/darabosevi.hu\/hu\/arlista-herczegne-csonka-viktoria\/","og_site_name":"Darabos \u00c9vi K\u00f6r\u00f6mszalon","article_modified_time":"2024-07-06T06:05:00+00:00","og_image":[{"url":"https:\/\/darabosevi.hu\/wp-content\/uploads\/2024\/07\/arlista-202407-CsonkaViktoria-632x1024.jpeg","type":"","width":"","height":""}],"twitter_card":"summary_large_image","twitter_misc":{"Becs\u00fclt olvas\u00e1si id\u0151":"1 perc"},"schema":{"@context":"https:\/\/schema.org","@graph":[{"@type":"WebPage","@id":"https:\/\/darabosevi.hu\/hu\/arlista-herczegne-csonka-viktoria\/","url":"https:\/\/darabosevi.hu\/hu\/arlista-herczegne-csonka-viktoria\/","name":"\u00c1rlista - H. Csonka Vikt\u00f3ria - Darabos \u00c9vi K\u00f6r\u00f6mszalon","isPartOf":{"@id":"https:\/\/darabosevi.hu\/hu\/#website"},"primaryImageOfPage":{"@id":"https:\/\/darabosevi.hu\/hu\/arlista-herczegne-csonka-viktoria\/#primaryimage"},"image":{"@id":"https:\/\/darabosevi.hu\/hu\/arlista-herczegne-csonka-viktoria\/#primaryimage"},"thumbnailUrl":"https:\/\/darabosevi.hu\/wp-content\/uploads\/2024\/07\/arlista-202407-CsonkaViktoria-632x1024.jpeg","datePublished":"2024-07-05T20:44:28+00:00","dateModified":"2024-07-06T06:05:00+00:00","breadcrumb":{"@id":"https:\/\/darabosevi.hu\/hu\/arlista-herczegne-csonka-viktoria\/#breadcrumb"},"inLanguage":"hu","potentialAction":[{"@type":"ReadAction","target":["https:\/\/darabosevi.hu\/hu\/arlista-herczegne-csonka-viktoria\/"]}]},{"@type":"ImageObject","inLanguage":"hu","@id":"https:\/\/darabosevi.hu\/hu\/arlista-herczegne-csonka-viktoria\/#primaryimage","url":"https:\/\/darabosevi.hu\/wp-content\/uploads\/2024\/07\/arlista-202407-CsonkaViktoria-632x1024.jpeg","contentUrl":"https:\/\/darabosevi.hu\/wp-content\/uploads\/2024\/07\/arlista-202407-CsonkaViktoria-632x1024.jpeg"},{"@type":"BreadcrumbList","@id":"https:\/\/darabosevi.hu\/hu\/arlista-herczegne-csonka-viktoria\/#breadcrumb","itemListElement":[{"@type":"ListItem","position":1,"name":"Home","item":"https:\/\/darabosevi.hu\/hu\/"},{"@type":"ListItem","position":2,"name":"\u00c1rlista &#8211; H. Csonka Vikt\u00f3ria"}]},{"@type":"WebSite","@id":"https:\/\/darabosevi.hu\/hu\/#website","url":"https:\/\/darabosevi.hu\/hu\/","name":"Darabos \u00c9vi K\u00f6r\u00f6mszalon","description":"Budapest, 1066, J\u00f3kai utca 7.","potentialAction":[{"@type":"SearchAction","target":{"@type":"EntryPoint","urlTemplate":"https:\/\/darabosevi.hu\/hu\/?s={search_term_string}"},"query-input":{"@type":"PropertyValueSpecification","valueRequired":true,"valueName":"search_term_string"}}],"inLanguage":"hu"}]}},"_links":{"self":[{"href":"https:\/\/darabosevi.hu\/hu\/wp-json\/wp\/v2\/pages\/1772","targetHints":{"allow":["GET"]}}],"collection":[{"href":"https:\/\/darabosevi.hu\/hu\/wp-json\/wp\/v2\/pages"}],"about":[{"href":"https:\/\/darabosevi.hu\/hu\/wp-json\/wp\/v2\/types\/page"}],"author":[{"embeddable":true,"href":"https:\/\/darabosevi.hu\/hu\/wp-json\/wp\/v2\/users\/1"}],"replies":[{"embeddable":true,"href":"https:\/\/darabosevi.hu\/hu\/wp-json\/wp\/v2\/comments?post=1772"}],"version-history":[{"count":6,"href":"https:\/\/darabosevi.hu\/hu\/wp-json\/wp\/v2\/pages\/1772\/revisions"}],"predecessor-version":[{"id":1792,"href":"https:\/\/darabosevi.hu\/hu\/wp-json\/wp\/v2\/pages\/1772\/revisions\/1792"}],"wp:attachment":[{"href":"https:\/\/darabosevi.hu\/hu\/wp-json\/wp\/v2\/media?parent=1772"}],"curies":[{"name":"wp","href":"https:\/\/api.w.org\/{rel}","templated":true}]}}