{"id":1782,"date":"2024-07-05T21:51:14","date_gmt":"2024-07-05T20:51:14","guid":{"rendered":"https:\/\/darabosevi.hu\/hu\/?page_id=1782"},"modified":"2024-07-06T07:04:32","modified_gmt":"2024-07-06T06:04:32","slug":"kepek-herczegne-csonka-viktoria","status":"publish","type":"page","link":"https:\/\/darabosevi.hu\/hu\/kepek-herczegne-csonka-viktoria\/","title":{"rendered":"K\u00e9pek &#8211; H. Csonka Vikt\u00f3ria &#8211; sminktetov\u00e1l\u00e1s"},"content":{"rendered":"\n<style type=\"text\/css\" scoped>.rbs_gallery_69f8a4281df1aSpinner{\r\n\t\t\t\tmargin: 50px auto;\r\n\t\t\t\twidth: 50px;\r\n\t\t\t\theight: 40px;\r\n\t\t\t\ttext-align: center;\r\n\t\t\t\tfont-size: 10px;\r\n\t\t\t}\r\n\t\t\t.rbs_gallery_69f8a4281df1aSpinner > div{\r\n\t\t\t  background-color: #333;\r\n\t\t\t  height: 100%;\r\n\t\t\t  width: 6px;\r\n\t\t\t  display: inline-block;\r\n\t\t\t  -webkit-animation: rbs_gallery_69f8a4281df1a-stretchdelay 1.2s infinite ease-in-out;\r\n\t\t\t  animation: rbs_gallery_69f8a4281df1a-stretchdelay 1.2s infinite ease-in-out;\r\n\t\t\t}\r\n\t\t\t.rbs_gallery_69f8a4281df1aSpinner .rbs_gallery_69f8a4281df1aRect2 {\r\n\t\t\t  -webkit-animation-delay: -1.1s;\r\n\t\t\t  animation-delay: -1.1s;\r\n\t\t\t}\r\n\t\t\t.rbs_gallery_69f8a4281df1aSpinner .rbs_gallery_69f8a4281df1aRect3 {\r\n\t\t\t  -webkit-animation-delay: -1.0s;\r\n\t\t\t  animation-delay: -1.0s;\r\n\t\t\t}\r\n\t\t\t.rbs_gallery_69f8a4281df1aSpinner .rbs_gallery_69f8a4281df1aRect4 {\r\n\t\t\t  -webkit-animation-delay: -0.9s;\r\n\t\t\t  animation-delay: -0.9s;\r\n\t\t\t}\r\n\t\t\t.rbs_gallery_69f8a4281df1aSpinner .rbs_gallery_69f8a4281df1aRect5 {\r\n\t\t\t  -webkit-animation-delay: -0.8s;\r\n\t\t\t  animation-delay: -0.8s;\r\n\t\t\t}\r\n\t\t\t@-webkit-keyframes rbs_gallery_69f8a4281df1a-stretchdelay {\r\n\t\t\t  0%, 40%, 100% { -webkit-transform: scaleY(0.4) }  \r\n\t\t\t  20% { -webkit-transform: scaleY(1.0) }\r\n\t\t\t}\r\n\t\t\t@keyframes rbs_gallery_69f8a4281df1a-stretchdelay {\r\n\t\t\t  0%, 40%, 100% { \r\n\t\t\t    transform: scaleY(0.4);\r\n\t\t\t    -webkit-transform: scaleY(0.4);\r\n\t\t\t  }  20% { \r\n\t\t\t    transform: scaleY(1.0);\r\n\t\t\t    -webkit-transform: scaleY(1.0);\r\n\t\t\t  }\r\n\t\t\t}\r\n\t\t<\/style><div class=\"robo-gallery-wrap robo-gallery-wrap-id1781 robo-gallery-\" ><div id=\"rbs_gallery_69f8a4281df1a-block-loader\" class=\"rbs_gallery_69f8a4281df1aSpinner\"><div class=\"rbs_gallery_69f8a4281df1aRect1\"><\/div> <div class=\"rbs_gallery_69f8a4281df1aRect2\"><\/div> <div class=\"rbs_gallery_69f8a4281df1aRect3\"><\/div> <div class=\"rbs_gallery_69f8a4281df1aRect4\"><\/div> <div class=\"rbs_gallery_69f8a4281df1aRect5\"><\/div><\/div><div class=\"rbs_gallery_button  rbs_gallery_align_left\" id=\"rbs_gallery_69f8a4281df1afilter\" style=\" display: none;\" ><\/div><div id=\"robo_gallery_main_block_rbs_gallery_69f8a4281df1a\" class=\"robogallery-gallery-1781\" style=\"width:100%;  display: none;\"><div id=\"rbs_gallery_69f8a4281df1a\" data-options=\"rbs_gallery_69f8a4281df1a\" style=\"width:100%;\" class=\"robo_gallery  \"><div class=\"rbs-img  category1781 \" ><div class=\"rbs-img-image   rbs-lightbox \" ><div class=\"rbs-img-thumbs\"  data-thumbnail=\"https:\/\/darabosevi.hu\/wp-content\/uploads\/2024\/07\/f382a4af-0cd3-41ef-91ac-bb123de67475-1024x841.jpeg\"  title=\"Szem\u00f6ld\u00f6ktetov\u00e1l\u00e1s\"  data-width=\"900\"  data-height=\"739\" ><\/div><div class=\"rbs-img-data-popup\"  data-popup=\"https:\/\/darabosevi.hu\/wp-content\/uploads\/2024\/07\/f382a4af-0cd3-41ef-91ac-bb123de67475.jpeg\"  title=\"Szem\u00f6ld\u00f6ktetov\u00e1l\u00e1s\"  data-alt=\"Szem\u00f6ld\u00f6ktetov\u00e1l\u00e1s\" ><\/div><div class=\"thumbnail-overlay\"><div class=\"rbsTitle \">Szem\u00f6ld\u00f6ktetov\u00e1l\u00e1s<\/div><div class=\"rbsIcons\"><i class=\"fa fa-search-plus rbsZoomIcon \" ><\/i><\/div><\/div><\/div><\/div><div class=\"rbs-img  category1781 \" ><div class=\"rbs-img-image   rbs-lightbox \" ><div class=\"rbs-img-thumbs\"  data-thumbnail=\"https:\/\/darabosevi.hu\/wp-content\/uploads\/2024\/07\/f75cd5ab-b4d5-47e8-9cf9-99ddcd079805.jpeg\"  title=\"Szemh\u00e9jtetov\u00e1l\u00e1s\"  data-width=\"900\"  data-height=\"713\" ><\/div><div class=\"rbs-img-data-popup\"  data-popup=\"https:\/\/darabosevi.hu\/wp-content\/uploads\/2024\/07\/f75cd5ab-b4d5-47e8-9cf9-99ddcd079805.jpeg\"  title=\"Szemh\u00e9jtetov\u00e1l\u00e1s\"  data-alt=\"Szemh\u00e9jtetov\u00e1l\u00e1s\" ><\/div><div class=\"thumbnail-overlay\"><div class=\"rbsTitle \">Szemh\u00e9jtetov\u00e1l\u00e1s<\/div><div class=\"rbsIcons\"><i class=\"fa fa-search-plus rbsZoomIcon \" ><\/i><\/div><\/div><\/div><\/div><div class=\"rbs-img  category1781 \" ><div class=\"rbs-img-image   rbs-lightbox \" ><div class=\"rbs-img-thumbs\"  data-thumbnail=\"https:\/\/darabosevi.hu\/wp-content\/uploads\/2024\/07\/d51cabf3-598e-4be8-95e8-e956d5f0e04f-1024x1024.jpeg\"  title=\"Szem\u00f6ld\u00f6ktetov\u00e1l\u00e1s\"  data-width=\"900\"  data-height=\"900\" ><\/div><div class=\"rbs-img-data-popup\"  data-popup=\"https:\/\/darabosevi.hu\/wp-content\/uploads\/2024\/07\/d51cabf3-598e-4be8-95e8-e956d5f0e04f.jpeg\"  title=\"Szem\u00f6ld\u00f6ktetov\u00e1l\u00e1s\"  data-alt=\"Szem\u00f6ld\u00f6ktetov\u00e1l\u00e1s\" ><\/div><div class=\"thumbnail-overlay\"><div class=\"rbsTitle \">Szem\u00f6ld\u00f6ktetov\u00e1l\u00e1s<\/div><div class=\"rbsIcons\"><i class=\"fa fa-search-plus rbsZoomIcon \" ><\/i><\/div><\/div><\/div><\/div><div class=\"rbs-img  category1781 \" ><div class=\"rbs-img-image   rbs-lightbox \" ><div class=\"rbs-img-thumbs\"  data-thumbnail=\"https:\/\/darabosevi.hu\/wp-content\/uploads\/2024\/07\/d4e7bd6e-d0a7-4c03-bce6-8d7e3e214090-1024x683.jpeg\"  title=\"Szem\u00f6ld\u00f6ktetov\u00e1l\u00e1s\"  data-width=\"900\"  data-height=\"600\" ><\/div><div class=\"rbs-img-data-popup\"  data-popup=\"https:\/\/darabosevi.hu\/wp-content\/uploads\/2024\/07\/d4e7bd6e-d0a7-4c03-bce6-8d7e3e214090.jpeg\"  title=\"Szem\u00f6ld\u00f6ktetov\u00e1l\u00e1s\"  data-alt=\"Szem\u00f6ld\u00f6ktetov\u00e1l\u00e1s\" ><\/div><div class=\"thumbnail-overlay\"><div class=\"rbsTitle \">Szem\u00f6ld\u00f6ktetov\u00e1l\u00e1s<\/div><div class=\"rbsIcons\"><i class=\"fa fa-search-plus rbsZoomIcon \" ><\/i><\/div><\/div><\/div><\/div><div class=\"rbs-img  category1781 \" ><div class=\"rbs-img-image   rbs-lightbox \" ><div class=\"rbs-img-thumbs\"  data-thumbnail=\"https:\/\/darabosevi.hu\/wp-content\/uploads\/2024\/07\/c82daca1-b039-44c8-83f9-22d0950cd65c-825x1024.jpeg\"  title=\"Szem\u00f6ld\u00f6ktetov\u00e1l\u00e1s\"  data-width=\"825\"  data-height=\"1024\" ><\/div><div class=\"rbs-img-data-popup\"  data-popup=\"https:\/\/darabosevi.hu\/wp-content\/uploads\/2024\/07\/c82daca1-b039-44c8-83f9-22d0950cd65c.jpeg\"  title=\"Szem\u00f6ld\u00f6ktetov\u00e1l\u00e1s\"  data-alt=\"Szem\u00f6ld\u00f6ktetov\u00e1l\u00e1s\" ><\/div><div class=\"thumbnail-overlay\"><div class=\"rbsTitle \">Szem\u00f6ld\u00f6ktetov\u00e1l\u00e1s<\/div><div class=\"rbsIcons\"><i class=\"fa fa-search-plus rbsZoomIcon \" ><\/i><\/div><\/div><\/div><\/div><div class=\"rbs-img  category1781 \" ><div class=\"rbs-img-image   rbs-lightbox \" ><div class=\"rbs-img-thumbs\"  data-thumbnail=\"https:\/\/darabosevi.hu\/wp-content\/uploads\/2024\/07\/af339a46-fd50-4a4f-844e-aa4cc39762c7-1024x1024.jpeg\"  title=\"af339a46-fd50-4a4f-844e-aa4cc39762c7\"  data-width=\"900\"  data-height=\"900\" ><\/div><div class=\"rbs-img-data-popup\"  data-popup=\"https:\/\/darabosevi.hu\/wp-content\/uploads\/2024\/07\/af339a46-fd50-4a4f-844e-aa4cc39762c7.jpeg\"  title=\"af339a46-fd50-4a4f-844e-aa4cc39762c7\" ><\/div><div class=\"thumbnail-overlay\"><div class=\"rbsTitle \">af339a46-fd50-4a4f-844e-aa4cc39762c7<\/div><div class=\"rbsIcons\"><i class=\"fa fa-search-plus rbsZoomIcon \" ><\/i><\/div><\/div><\/div><\/div><div class=\"rbs-img  category1781 \" ><div class=\"rbs-img-image   rbs-lightbox \" ><div class=\"rbs-img-thumbs\"  data-thumbnail=\"https:\/\/darabosevi.hu\/wp-content\/uploads\/2024\/07\/ac47d72d-21cb-4c77-9d1b-b5e4747e1198-505x1024.jpeg\"  title=\"ac47d72d-21cb-4c77-9d1b-b5e4747e1198\"  data-width=\"505\"  data-height=\"1024\" ><\/div><div class=\"rbs-img-data-popup\"  data-popup=\"https:\/\/darabosevi.hu\/wp-content\/uploads\/2024\/07\/ac47d72d-21cb-4c77-9d1b-b5e4747e1198.jpeg\"  title=\"ac47d72d-21cb-4c77-9d1b-b5e4747e1198\" ><\/div><div class=\"thumbnail-overlay\"><div class=\"rbsTitle \">ac47d72d-21cb-4c77-9d1b-b5e4747e1198<\/div><div class=\"rbsIcons\"><i class=\"fa fa-search-plus rbsZoomIcon \" ><\/i><\/div><\/div><\/div><\/div><div class=\"rbs-img  category1781 \" ><div class=\"rbs-img-image   rbs-lightbox \" ><div class=\"rbs-img-thumbs\"  data-thumbnail=\"https:\/\/darabosevi.hu\/wp-content\/uploads\/2024\/07\/87a12a71-40be-4024-a14d-658d9f6ee308-1024x770.jpeg\"  title=\"87a12a71-40be-4024-a14d-658d9f6ee308\"  data-width=\"900\"  data-height=\"677\" ><\/div><div class=\"rbs-img-data-popup\"  data-popup=\"https:\/\/darabosevi.hu\/wp-content\/uploads\/2024\/07\/87a12a71-40be-4024-a14d-658d9f6ee308.jpeg\"  title=\"87a12a71-40be-4024-a14d-658d9f6ee308\" ><\/div><div class=\"thumbnail-overlay\"><div class=\"rbsTitle \">87a12a71-40be-4024-a14d-658d9f6ee308<\/div><div class=\"rbsIcons\"><i class=\"fa fa-search-plus rbsZoomIcon \" ><\/i><\/div><\/div><\/div><\/div><div class=\"rbs-img  category1781 \" ><div class=\"rbs-img-image   rbs-lightbox \" ><div class=\"rbs-img-thumbs\"  data-thumbnail=\"https:\/\/darabosevi.hu\/wp-content\/uploads\/2024\/07\/35f54fd4-8734-4e6a-8ae2-5dafed0c1933-1024x754.jpeg\"  title=\"35f54fd4-8734-4e6a-8ae2-5dafed0c1933\"  data-width=\"900\"  data-height=\"663\" ><\/div><div class=\"rbs-img-data-popup\"  data-popup=\"https:\/\/darabosevi.hu\/wp-content\/uploads\/2024\/07\/35f54fd4-8734-4e6a-8ae2-5dafed0c1933.jpeg\"  title=\"35f54fd4-8734-4e6a-8ae2-5dafed0c1933\" ><\/div><div class=\"thumbnail-overlay\"><div class=\"rbsTitle \">35f54fd4-8734-4e6a-8ae2-5dafed0c1933<\/div><div class=\"rbsIcons\"><i class=\"fa fa-search-plus rbsZoomIcon \" ><\/i><\/div><\/div><\/div><\/div><div class=\"rbs-img  category1781 \" ><div class=\"rbs-img-image   rbs-lightbox \" ><div class=\"rbs-img-thumbs\"  data-thumbnail=\"https:\/\/darabosevi.hu\/wp-content\/uploads\/2024\/07\/2a9645de-c365-41a1-804e-3012bd4b8c10-1024x689.jpeg\"  title=\"2a9645de-c365-41a1-804e-3012bd4b8c10\"  data-width=\"900\"  data-height=\"606\" ><\/div><div class=\"rbs-img-data-popup\"  data-popup=\"https:\/\/darabosevi.hu\/wp-content\/uploads\/2024\/07\/2a9645de-c365-41a1-804e-3012bd4b8c10.jpeg\"  title=\"2a9645de-c365-41a1-804e-3012bd4b8c10\" ><\/div><div class=\"thumbnail-overlay\"><div class=\"rbsTitle \">2a9645de-c365-41a1-804e-3012bd4b8c10<\/div><div class=\"rbsIcons\"><i class=\"fa fa-search-plus rbsZoomIcon \" ><\/i><\/div><\/div><\/div><\/div><div class=\"rbs-img  category1781 \"  data-columns=\"1\" ><div class=\"rbs-img-image   rbs-lightbox \" ><div class=\"rbs-img-thumbs\"  data-thumbnail=\"https:\/\/darabosevi.hu\/wp-content\/uploads\/2024\/07\/0a9781f9-bf93-4f61-8c77-2fbabd2e362a-1024x1024.jpeg\"  title=\"0a9781f9-bf93-4f61-8c77-2fbabd2e362a\"  data-width=\"900\"  data-height=\"900\" ><\/div><div class=\"rbs-img-data-popup\"  data-popup=\"https:\/\/darabosevi.hu\/wp-content\/uploads\/2024\/07\/0a9781f9-bf93-4f61-8c77-2fbabd2e362a.jpeg\"  title=\"0a9781f9-bf93-4f61-8c77-2fbabd2e362a\" ><\/div><div class=\"thumbnail-overlay\"><div class=\"rbsTitle \">0a9781f9-bf93-4f61-8c77-2fbabd2e362a<\/div><div class=\"rbsIcons\"><i class=\"fa fa-search-plus rbsZoomIcon \" ><\/i><\/div><\/div><\/div><\/div><\/div><\/div><\/div><script>var rbs_gallery_69f8a4281df1a = {\"version\":\"5.0.6\",\"id\":1781,\"class\":\"id1781\",\"roboGalleryDelay\":1000,\"mainContainer\":\"#robo_gallery_main_block_rbs_gallery_69f8a4281df1a\",\"loadingContainer\":\"#rbs_gallery_69f8a4281df1a-block-loader\",\"loadingContainerObj\":\"rbs_gallery_69f8a4281df1a-block-loader\",\"columnWidth\":\"auto\",\"columns\":4,\"resolutions\":[{\"columnWidth\":\"auto\",\"columns\":3,\"maxWidth\":960},{\"columnWidth\":\"auto\",\"columns\":2,\"maxWidth\":650},{\"columnWidth\":\"auto\",\"columns\":1,\"maxWidth\":450}],\"lightboxOptions\":{\"gallery\":{\"enabled\":true,\"tCounter\":\"%curr% of %total%\"}},\"borderSize\":5,\"overlayEffect\":\"direction-aware-fade\",\"boxesToLoadStart\":9,\"boxesToLoad\":8,\"waitUntilThumbLoads\":1,\"LoadingWord\":\"Loading...\",\"loadMoreWord\":\"Load More\",\"noMoreEntriesWord\":\"No More Entries\",\"horizontalSpaceBetweenBoxes\":15,\"verticalSpaceBetweenBoxes\":15,\"lazyLoad\":1,\"wrapContainer\":\"#robo-gallery-wrap-rbs_gallery_69f8a4281df1a\",\"filterContainer\":\"#rbs_gallery_69f8a4281df1afilter\",\"loadMoreClass\":\"button-border-caution \"};<\/script>\n","protected":false},"excerpt":{"rendered":"<p class=\"continue-reading-button\"> <a class=\"continue-reading-link\" href=\"https:\/\/darabosevi.hu\/hu\/kepek-herczegne-csonka-viktoria\/\">Continue reading<i class=\"crycon-right-dir\"><\/i><\/a><\/p>\n","protected":false},"author":1,"featured_media":0,"parent":0,"menu_order":0,"comment_status":"closed","ping_status":"closed","template":"","meta":{"footnotes":""},"class_list":["post-1782","page","type-page","status-publish","hentry"],"yoast_head":"<!-- This site is optimized with the Yoast SEO plugin v25.6 - https:\/\/yoast.com\/wordpress\/plugins\/seo\/ -->\n<title>K\u00e9pek - H. Csonka Vikt\u00f3ria - sminktetov\u00e1l\u00e1s - Darabos \u00c9vi K\u00f6r\u00f6mszalon<\/title>\n<meta name=\"robots\" content=\"index, follow, max-snippet:-1, max-image-preview:large, max-video-preview:-1\" \/>\n<link rel=\"canonical\" href=\"https:\/\/darabosevi.hu\/hu\/kepek-herczegne-csonka-viktoria\/\" \/>\n<meta property=\"og:locale\" content=\"hu_HU\" \/>\n<meta property=\"og:type\" content=\"article\" \/>\n<meta property=\"og:title\" content=\"K\u00e9pek - H. Csonka Vikt\u00f3ria - sminktetov\u00e1l\u00e1s - Darabos \u00c9vi K\u00f6r\u00f6mszalon\" \/>\n<meta property=\"og:description\" content=\"Continue reading\" \/>\n<meta property=\"og:url\" content=\"https:\/\/darabosevi.hu\/hu\/kepek-herczegne-csonka-viktoria\/\" \/>\n<meta property=\"og:site_name\" content=\"Darabos \u00c9vi K\u00f6r\u00f6mszalon\" \/>\n<meta property=\"article:modified_time\" content=\"2024-07-06T06:04:32+00:00\" \/>\n<meta name=\"twitter:card\" content=\"summary_large_image\" \/>\n<meta name=\"twitter:label1\" content=\"Becs\u00fclt olvas\u00e1si id\u0151\" \/>\n\t<meta name=\"twitter:data1\" content=\"1 perc\" \/>\n<script type=\"application\/ld+json\" class=\"yoast-schema-graph\">{\"@context\":\"https:\/\/schema.org\",\"@graph\":[{\"@type\":\"WebPage\",\"@id\":\"https:\/\/darabosevi.hu\/hu\/kepek-herczegne-csonka-viktoria\/\",\"url\":\"https:\/\/darabosevi.hu\/hu\/kepek-herczegne-csonka-viktoria\/\",\"name\":\"K\u00e9pek - H. Csonka Vikt\u00f3ria - sminktetov\u00e1l\u00e1s - Darabos \u00c9vi K\u00f6r\u00f6mszalon\",\"isPartOf\":{\"@id\":\"https:\/\/darabosevi.hu\/hu\/#website\"},\"datePublished\":\"2024-07-05T20:51:14+00:00\",\"dateModified\":\"2024-07-06T06:04:32+00:00\",\"breadcrumb\":{\"@id\":\"https:\/\/darabosevi.hu\/hu\/kepek-herczegne-csonka-viktoria\/#breadcrumb\"},\"inLanguage\":\"hu\",\"potentialAction\":[{\"@type\":\"ReadAction\",\"target\":[\"https:\/\/darabosevi.hu\/hu\/kepek-herczegne-csonka-viktoria\/\"]}]},{\"@type\":\"BreadcrumbList\",\"@id\":\"https:\/\/darabosevi.hu\/hu\/kepek-herczegne-csonka-viktoria\/#breadcrumb\",\"itemListElement\":[{\"@type\":\"ListItem\",\"position\":1,\"name\":\"Home\",\"item\":\"https:\/\/darabosevi.hu\/hu\/\"},{\"@type\":\"ListItem\",\"position\":2,\"name\":\"K\u00e9pek &#8211; H. Csonka Vikt\u00f3ria &#8211; sminktetov\u00e1l\u00e1s\"}]},{\"@type\":\"WebSite\",\"@id\":\"https:\/\/darabosevi.hu\/hu\/#website\",\"url\":\"https:\/\/darabosevi.hu\/hu\/\",\"name\":\"Darabos \u00c9vi K\u00f6r\u00f6mszalon\",\"description\":\"Budapest, 1066, J\u00f3kai utca 7.\",\"potentialAction\":[{\"@type\":\"SearchAction\",\"target\":{\"@type\":\"EntryPoint\",\"urlTemplate\":\"https:\/\/darabosevi.hu\/hu\/?s={search_term_string}\"},\"query-input\":{\"@type\":\"PropertyValueSpecification\",\"valueRequired\":true,\"valueName\":\"search_term_string\"}}],\"inLanguage\":\"hu\"}]}<\/script>\n<!-- \/ Yoast SEO plugin. -->","yoast_head_json":{"title":"K\u00e9pek - H. Csonka Vikt\u00f3ria - sminktetov\u00e1l\u00e1s - Darabos \u00c9vi K\u00f6r\u00f6mszalon","robots":{"index":"index","follow":"follow","max-snippet":"max-snippet:-1","max-image-preview":"max-image-preview:large","max-video-preview":"max-video-preview:-1"},"canonical":"https:\/\/darabosevi.hu\/hu\/kepek-herczegne-csonka-viktoria\/","og_locale":"hu_HU","og_type":"article","og_title":"K\u00e9pek - H. Csonka Vikt\u00f3ria - sminktetov\u00e1l\u00e1s - Darabos \u00c9vi K\u00f6r\u00f6mszalon","og_description":"Continue reading","og_url":"https:\/\/darabosevi.hu\/hu\/kepek-herczegne-csonka-viktoria\/","og_site_name":"Darabos \u00c9vi K\u00f6r\u00f6mszalon","article_modified_time":"2024-07-06T06:04:32+00:00","twitter_card":"summary_large_image","twitter_misc":{"Becs\u00fclt olvas\u00e1si id\u0151":"1 perc"},"schema":{"@context":"https:\/\/schema.org","@graph":[{"@type":"WebPage","@id":"https:\/\/darabosevi.hu\/hu\/kepek-herczegne-csonka-viktoria\/","url":"https:\/\/darabosevi.hu\/hu\/kepek-herczegne-csonka-viktoria\/","name":"K\u00e9pek - H. Csonka Vikt\u00f3ria - sminktetov\u00e1l\u00e1s - Darabos \u00c9vi K\u00f6r\u00f6mszalon","isPartOf":{"@id":"https:\/\/darabosevi.hu\/hu\/#website"},"datePublished":"2024-07-05T20:51:14+00:00","dateModified":"2024-07-06T06:04:32+00:00","breadcrumb":{"@id":"https:\/\/darabosevi.hu\/hu\/kepek-herczegne-csonka-viktoria\/#breadcrumb"},"inLanguage":"hu","potentialAction":[{"@type":"ReadAction","target":["https:\/\/darabosevi.hu\/hu\/kepek-herczegne-csonka-viktoria\/"]}]},{"@type":"BreadcrumbList","@id":"https:\/\/darabosevi.hu\/hu\/kepek-herczegne-csonka-viktoria\/#breadcrumb","itemListElement":[{"@type":"ListItem","position":1,"name":"Home","item":"https:\/\/darabosevi.hu\/hu\/"},{"@type":"ListItem","position":2,"name":"K\u00e9pek &#8211; H. Csonka Vikt\u00f3ria &#8211; sminktetov\u00e1l\u00e1s"}]},{"@type":"WebSite","@id":"https:\/\/darabosevi.hu\/hu\/#website","url":"https:\/\/darabosevi.hu\/hu\/","name":"Darabos \u00c9vi K\u00f6r\u00f6mszalon","description":"Budapest, 1066, J\u00f3kai utca 7.","potentialAction":[{"@type":"SearchAction","target":{"@type":"EntryPoint","urlTemplate":"https:\/\/darabosevi.hu\/hu\/?s={search_term_string}"},"query-input":{"@type":"PropertyValueSpecification","valueRequired":true,"valueName":"search_term_string"}}],"inLanguage":"hu"}]}},"_links":{"self":[{"href":"https:\/\/darabosevi.hu\/hu\/wp-json\/wp\/v2\/pages\/1782","targetHints":{"allow":["GET"]}}],"collection":[{"href":"https:\/\/darabosevi.hu\/hu\/wp-json\/wp\/v2\/pages"}],"about":[{"href":"https:\/\/darabosevi.hu\/hu\/wp-json\/wp\/v2\/types\/page"}],"author":[{"embeddable":true,"href":"https:\/\/darabosevi.hu\/hu\/wp-json\/wp\/v2\/users\/1"}],"replies":[{"embeddable":true,"href":"https:\/\/darabosevi.hu\/hu\/wp-json\/wp\/v2\/comments?post=1782"}],"version-history":[{"count":2,"href":"https:\/\/darabosevi.hu\/hu\/wp-json\/wp\/v2\/pages\/1782\/revisions"}],"predecessor-version":[{"id":1791,"href":"https:\/\/darabosevi.hu\/hu\/wp-json\/wp\/v2\/pages\/1782\/revisions\/1791"}],"wp:attachment":[{"href":"https:\/\/darabosevi.hu\/hu\/wp-json\/wp\/v2\/media?parent=1782"}],"curies":[{"name":"wp","href":"https:\/\/api.w.org\/{rel}","templated":true}]}}