{"id":1853,"date":"2025-09-09T15:15:37","date_gmt":"2025-09-09T14:15:37","guid":{"rendered":"https:\/\/darabosevi.hu\/hu\/?page_id=1853"},"modified":"2026-04-19T21:30:44","modified_gmt":"2026-04-19T20:30:44","slug":"arlista-debeljuh-timea","status":"publish","type":"page","link":"https:\/\/darabosevi.hu\/hu\/arlista-debeljuh-timea\/","title":{"rendered":"\u00c1rlista &#8211; H\u0151hn T\u00edmea"},"content":{"rendered":"\n\n\n<p><a href=\"https:\/\/darabosevi.hu\/wp-content\/uploads\/2025\/10\/Arlista_Timi-202910-scaled.jpg\"><img loading=\"lazy\" decoding=\"async\" class=\"alignnone wp-image-1903 size-medium\" src=\"https:\/\/darabosevi.hu\/wp-content\/uploads\/2025\/10\/Arlista_Timi-202910-300x212.jpg\" alt=\"K\u00e9z\u00e1pol\u00e1s, m\u0171k\u00f6r\u00f6m \u00e1rlista - Debeljuh T\u00edmea\" width=\"300\" height=\"212\" srcset=\"https:\/\/darabosevi.hu\/wp-content\/uploads\/2025\/10\/Arlista_Timi-202910-300x212.jpg 300w, https:\/\/darabosevi.hu\/wp-content\/uploads\/2025\/10\/Arlista_Timi-202910-1024x724.jpg 1024w, https:\/\/darabosevi.hu\/wp-content\/uploads\/2025\/10\/Arlista_Timi-202910-768x543.jpg 768w, https:\/\/darabosevi.hu\/wp-content\/uploads\/2025\/10\/Arlista_Timi-202910-100x71.jpg 100w, https:\/\/darabosevi.hu\/wp-content\/uploads\/2025\/10\/Arlista_Timi-202910-1536x1086.jpg 1536w, https:\/\/darabosevi.hu\/wp-content\/uploads\/2025\/10\/Arlista_Timi-202910-2048x1448.jpg 2048w, https:\/\/darabosevi.hu\/wp-content\/uploads\/2025\/10\/Arlista_Timi-202910-150x106.jpg 150w\" sizes=\"auto, (max-width: 300px) 100vw, 300px\" \/><\/a><\/p>\n<p>\u00a0<\/p>\n","protected":false},"excerpt":{"rendered":"<p>\u00a0<\/p>\n<p class=\"continue-reading-button\"> <a class=\"continue-reading-link\" href=\"https:\/\/darabosevi.hu\/hu\/arlista-debeljuh-timea\/\">Continue reading<i class=\"crycon-right-dir\"><\/i><\/a><\/p>\n","protected":false},"author":1,"featured_media":0,"parent":0,"menu_order":0,"comment_status":"closed","ping_status":"closed","template":"","meta":{"footnotes":""},"class_list":["post-1853","page","type-page","status-publish","hentry"],"yoast_head":"<!-- This site is optimized with the Yoast SEO plugin v25.6 - https:\/\/yoast.com\/wordpress\/plugins\/seo\/ -->\n<title>\u00c1rlista - H\u0151hn T\u00edmea - Darabos \u00c9vi K\u00f6r\u00f6mszalon<\/title>\n<meta name=\"robots\" content=\"index, follow, max-snippet:-1, max-image-preview:large, max-video-preview:-1\" \/>\n<link rel=\"canonical\" href=\"https:\/\/darabosevi.hu\/hu\/arlista-debeljuh-timea\/\" \/>\n<meta property=\"og:locale\" content=\"hu_HU\" \/>\n<meta property=\"og:type\" content=\"article\" \/>\n<meta property=\"og:title\" content=\"\u00c1rlista - H\u0151hn T\u00edmea - Darabos \u00c9vi K\u00f6r\u00f6mszalon\" \/>\n<meta property=\"og:description\" content=\"\u00a0 Continue reading\" \/>\n<meta property=\"og:url\" content=\"https:\/\/darabosevi.hu\/hu\/arlista-debeljuh-timea\/\" \/>\n<meta property=\"og:site_name\" content=\"Darabos \u00c9vi K\u00f6r\u00f6mszalon\" \/>\n<meta property=\"article:modified_time\" content=\"2026-04-19T20:30:44+00:00\" \/>\n<meta property=\"og:image\" content=\"https:\/\/darabosevi.hu\/wp-content\/uploads\/2025\/10\/Arlista_Timi-202910-scaled.jpg\" \/>\n\t<meta property=\"og:image:width\" content=\"2560\" \/>\n\t<meta property=\"og:image:height\" content=\"1810\" \/>\n\t<meta property=\"og:image:type\" content=\"image\/jpeg\" \/>\n<meta name=\"twitter:card\" content=\"summary_large_image\" \/>\n<meta name=\"twitter:label1\" content=\"Becs\u00fclt olvas\u00e1si id\u0151\" \/>\n\t<meta name=\"twitter:data1\" content=\"1 perc\" \/>\n<script type=\"application\/ld+json\" class=\"yoast-schema-graph\">{\"@context\":\"https:\/\/schema.org\",\"@graph\":[{\"@type\":\"WebPage\",\"@id\":\"https:\/\/darabosevi.hu\/hu\/arlista-debeljuh-timea\/\",\"url\":\"https:\/\/darabosevi.hu\/hu\/arlista-debeljuh-timea\/\",\"name\":\"\u00c1rlista - H\u0151hn T\u00edmea - Darabos \u00c9vi K\u00f6r\u00f6mszalon\",\"isPartOf\":{\"@id\":\"https:\/\/darabosevi.hu\/hu\/#website\"},\"primaryImageOfPage\":{\"@id\":\"https:\/\/darabosevi.hu\/hu\/arlista-debeljuh-timea\/#primaryimage\"},\"image\":{\"@id\":\"https:\/\/darabosevi.hu\/hu\/arlista-debeljuh-timea\/#primaryimage\"},\"thumbnailUrl\":\"https:\/\/darabosevi.hu\/wp-content\/uploads\/2025\/10\/Arlista_Timi-202910-300x212.jpg\",\"datePublished\":\"2025-09-09T14:15:37+00:00\",\"dateModified\":\"2026-04-19T20:30:44+00:00\",\"breadcrumb\":{\"@id\":\"https:\/\/darabosevi.hu\/hu\/arlista-debeljuh-timea\/#breadcrumb\"},\"inLanguage\":\"hu\",\"potentialAction\":[{\"@type\":\"ReadAction\",\"target\":[\"https:\/\/darabosevi.hu\/hu\/arlista-debeljuh-timea\/\"]}]},{\"@type\":\"ImageObject\",\"inLanguage\":\"hu\",\"@id\":\"https:\/\/darabosevi.hu\/hu\/arlista-debeljuh-timea\/#primaryimage\",\"url\":\"https:\/\/darabosevi.hu\/wp-content\/uploads\/2025\/10\/Arlista_Timi-202910-300x212.jpg\",\"contentUrl\":\"https:\/\/darabosevi.hu\/wp-content\/uploads\/2025\/10\/Arlista_Timi-202910-300x212.jpg\"},{\"@type\":\"BreadcrumbList\",\"@id\":\"https:\/\/darabosevi.hu\/hu\/arlista-debeljuh-timea\/#breadcrumb\",\"itemListElement\":[{\"@type\":\"ListItem\",\"position\":1,\"name\":\"Home\",\"item\":\"https:\/\/darabosevi.hu\/hu\/\"},{\"@type\":\"ListItem\",\"position\":2,\"name\":\"\u00c1rlista &#8211; H\u0151hn T\u00edmea\"}]},{\"@type\":\"WebSite\",\"@id\":\"https:\/\/darabosevi.hu\/hu\/#website\",\"url\":\"https:\/\/darabosevi.hu\/hu\/\",\"name\":\"Darabos \u00c9vi K\u00f6r\u00f6mszalon\",\"description\":\"Budapest, 1066, J\u00f3kai utca 7.\",\"potentialAction\":[{\"@type\":\"SearchAction\",\"target\":{\"@type\":\"EntryPoint\",\"urlTemplate\":\"https:\/\/darabosevi.hu\/hu\/?s={search_term_string}\"},\"query-input\":{\"@type\":\"PropertyValueSpecification\",\"valueRequired\":true,\"valueName\":\"search_term_string\"}}],\"inLanguage\":\"hu\"}]}<\/script>\n<!-- \/ Yoast SEO plugin. -->","yoast_head_json":{"title":"\u00c1rlista - H\u0151hn T\u00edmea - Darabos \u00c9vi K\u00f6r\u00f6mszalon","robots":{"index":"index","follow":"follow","max-snippet":"max-snippet:-1","max-image-preview":"max-image-preview:large","max-video-preview":"max-video-preview:-1"},"canonical":"https:\/\/darabosevi.hu\/hu\/arlista-debeljuh-timea\/","og_locale":"hu_HU","og_type":"article","og_title":"\u00c1rlista - H\u0151hn T\u00edmea - Darabos \u00c9vi K\u00f6r\u00f6mszalon","og_description":"\u00a0 Continue reading","og_url":"https:\/\/darabosevi.hu\/hu\/arlista-debeljuh-timea\/","og_site_name":"Darabos \u00c9vi K\u00f6r\u00f6mszalon","article_modified_time":"2026-04-19T20:30:44+00:00","og_image":[{"width":2560,"height":1810,"url":"https:\/\/darabosevi.hu\/wp-content\/uploads\/2025\/10\/Arlista_Timi-202910-scaled.jpg","type":"image\/jpeg"}],"twitter_card":"summary_large_image","twitter_misc":{"Becs\u00fclt olvas\u00e1si id\u0151":"1 perc"},"schema":{"@context":"https:\/\/schema.org","@graph":[{"@type":"WebPage","@id":"https:\/\/darabosevi.hu\/hu\/arlista-debeljuh-timea\/","url":"https:\/\/darabosevi.hu\/hu\/arlista-debeljuh-timea\/","name":"\u00c1rlista - H\u0151hn T\u00edmea - Darabos \u00c9vi K\u00f6r\u00f6mszalon","isPartOf":{"@id":"https:\/\/darabosevi.hu\/hu\/#website"},"primaryImageOfPage":{"@id":"https:\/\/darabosevi.hu\/hu\/arlista-debeljuh-timea\/#primaryimage"},"image":{"@id":"https:\/\/darabosevi.hu\/hu\/arlista-debeljuh-timea\/#primaryimage"},"thumbnailUrl":"https:\/\/darabosevi.hu\/wp-content\/uploads\/2025\/10\/Arlista_Timi-202910-300x212.jpg","datePublished":"2025-09-09T14:15:37+00:00","dateModified":"2026-04-19T20:30:44+00:00","breadcrumb":{"@id":"https:\/\/darabosevi.hu\/hu\/arlista-debeljuh-timea\/#breadcrumb"},"inLanguage":"hu","potentialAction":[{"@type":"ReadAction","target":["https:\/\/darabosevi.hu\/hu\/arlista-debeljuh-timea\/"]}]},{"@type":"ImageObject","inLanguage":"hu","@id":"https:\/\/darabosevi.hu\/hu\/arlista-debeljuh-timea\/#primaryimage","url":"https:\/\/darabosevi.hu\/wp-content\/uploads\/2025\/10\/Arlista_Timi-202910-300x212.jpg","contentUrl":"https:\/\/darabosevi.hu\/wp-content\/uploads\/2025\/10\/Arlista_Timi-202910-300x212.jpg"},{"@type":"BreadcrumbList","@id":"https:\/\/darabosevi.hu\/hu\/arlista-debeljuh-timea\/#breadcrumb","itemListElement":[{"@type":"ListItem","position":1,"name":"Home","item":"https:\/\/darabosevi.hu\/hu\/"},{"@type":"ListItem","position":2,"name":"\u00c1rlista &#8211; H\u0151hn T\u00edmea"}]},{"@type":"WebSite","@id":"https:\/\/darabosevi.hu\/hu\/#website","url":"https:\/\/darabosevi.hu\/hu\/","name":"Darabos \u00c9vi K\u00f6r\u00f6mszalon","description":"Budapest, 1066, J\u00f3kai utca 7.","potentialAction":[{"@type":"SearchAction","target":{"@type":"EntryPoint","urlTemplate":"https:\/\/darabosevi.hu\/hu\/?s={search_term_string}"},"query-input":{"@type":"PropertyValueSpecification","valueRequired":true,"valueName":"search_term_string"}}],"inLanguage":"hu"}]}},"_links":{"self":[{"href":"https:\/\/darabosevi.hu\/hu\/wp-json\/wp\/v2\/pages\/1853","targetHints":{"allow":["GET"]}}],"collection":[{"href":"https:\/\/darabosevi.hu\/hu\/wp-json\/wp\/v2\/pages"}],"about":[{"href":"https:\/\/darabosevi.hu\/hu\/wp-json\/wp\/v2\/types\/page"}],"author":[{"embeddable":true,"href":"https:\/\/darabosevi.hu\/hu\/wp-json\/wp\/v2\/users\/1"}],"replies":[{"embeddable":true,"href":"https:\/\/darabosevi.hu\/hu\/wp-json\/wp\/v2\/comments?post=1853"}],"version-history":[{"count":10,"href":"https:\/\/darabosevi.hu\/hu\/wp-json\/wp\/v2\/pages\/1853\/revisions"}],"predecessor-version":[{"id":1947,"href":"https:\/\/darabosevi.hu\/hu\/wp-json\/wp\/v2\/pages\/1853\/revisions\/1947"}],"wp:attachment":[{"href":"https:\/\/darabosevi.hu\/hu\/wp-json\/wp\/v2\/media?parent=1853"}],"curies":[{"name":"wp","href":"https:\/\/api.w.org\/{rel}","templated":true}]}}