{"id":5,"date":"2016-12-31T13:09:39","date_gmt":"2016-12-31T13:09:39","guid":{"rendered":"http:\/\/cc.mukormos.hu\/?page_id=5"},"modified":"2025-09-09T13:54:22","modified_gmt":"2025-09-09T12:54:22","slug":"bemutatkozas","status":"publish","type":"page","link":"https:\/\/darabosevi.hu\/hu\/bemutatkozas\/","title":{"rendered":"Bemutatkoz\u00e1s"},"content":{"rendered":"<p>Szalonunkban\u00a0csupa kiv\u00e1l\u00f3 szakember sz\u00e9p\u00edti a Vend\u00e9gek kezeit \u00e9s l\u00e1bait \u00edgy a hozz\u00e1nk bet\u00e9r\u0151k biztosak lehetnek abban, hogy kiv\u00e1l\u00f3 szaktud\u00e1ssal, magas min\u0151s\u00e9g\u0171 alapanyagokkal, a leg\u00fajabb technol\u00f3gi\u00e1k felhaszn\u00e1l\u00e1s\u00e1val sz\u00e9p\u00fclhetnek.<\/p>\n<p><a href=\"https:\/\/darabosevi.hu\/wp-content\/uploads\/2018\/05\/4082.jpg\"><img loading=\"lazy\" decoding=\"async\" class=\"alignright wp-image-691 size-medium\" src=\"https:\/\/darabosevi.hu\/wp-content\/uploads\/2018\/05\/4082-300x250.jpg\" alt=\"Sz\u00ednes francia porcel\u00e1n egylend\u00fclet fest\u00e9ssel\" width=\"300\" height=\"250\" srcset=\"https:\/\/darabosevi.hu\/wp-content\/uploads\/2018\/05\/4082-300x250.jpg 300w, https:\/\/darabosevi.hu\/wp-content\/uploads\/2018\/05\/4082-768x640.jpg 768w, https:\/\/darabosevi.hu\/wp-content\/uploads\/2018\/05\/4082-1024x853.jpg 1024w, https:\/\/darabosevi.hu\/wp-content\/uploads\/2018\/05\/4082-150x125.jpg 150w, https:\/\/darabosevi.hu\/wp-content\/uploads\/2018\/05\/4082.jpg 1200w\" sizes=\"auto, (max-width: 300px) 100vw, 300px\" \/><\/a><\/p>\n<p>Szolg\u00e1ltat\u00e1saink:<\/p>\n<ul>\n<li>k\u00e9z\u00e1pol\u00e1s a hagyom\u00e1nyos manik\u0171rt\u0151l a n\u00e9pszer\u0171 tart\u00f3s lakkoz\u00e1sig<\/li>\n<li>m\u0171k\u00f6r\u00f6m\u00e9p\u00edt\u00e9s a saj\u00e1t k\u00f6r\u00f6m meger\u0151s\u00edt\u00e9s\u00e9t\u0151l a visszafogott francia k\u00f6rm\u00f6k\u00f6n \u00e1t eg\u00e9szen az extr\u00e9m form\u00e1kig \u00e9s d\u00edsz\u00edt\u00e9sekig<\/li>\n<li>sz\u00e1lank\u00e9nti m\u0171szempilla a term\u00e9szetes hat\u00e1st\u00f3l az extr\u00e9m\u00a0d\u00fas pill\u00e1kig<\/li>\n<li>smink a term\u00e9szetes nappali sminkt\u0151l az er\u0151sebb alkalmi sminkekig<\/li>\n<\/ul>\n<p>Ha szeretn\u00e9d letesztelni tud\u00e1sunkat \u00e9s szakm\u00e1nk ir\u00e1nti elk\u00f6telezetts\u00e9g\u00fcnket, l\u00e1togass el hozz\u00e1nk az Oktogonhoz!<\/p>\n<p>V\u00e1runk szeretettel,<br \/>\na Darabos \u00c9vi K\u00f6r\u00f6mszalon csapata:<br \/>\n\u00c9vi, Em\u0151ke, Leila, S\u00e1ra, Timi \u00e9s Viki<\/p>\n<p>*****************************************************<br \/>\nKedves Vend\u00e9geink!<\/p>\n<p>Term\u00e9szetesen mindenkinek k\u00f6zbej\u00f6het valamilyen v\u00e1ratlan esem\u00e9ny, ami miatt nem tud elj\u00f6nni az el\u0151re megbesz\u00e9lt id\u0151pontra, de k\u00e9r\u00fcnk, hogy tisztelj meg minket azzal, hogyha ilyen el\u0151fordul, akkor az el\u00e9rhet\u0151s\u00e9gek valamelyik\u00e9n egy telefonnal vagy sms-el \u00e9rtes\u00edtesz minket err\u0151l, hogy a meg\u00fcresedett id\u0151pontot esetleg fel tudjuk aj\u00e1nlani valaki m\u00e1s sz\u00e1m\u00e1ra.<\/p>\n<p>\u00c9ppen ez\u00e9rt id\u0151pontot el\u0151re lefoglalni sz\u00e1modra az al\u00e1bbi felt\u00e9telekkel tudunk:<\/p>\n<ul>\n<li>Az el\u0151re egyeztetett id\u0151pontokat a tervezett szolg\u00e1ltat\u00e1s id\u0151tartam\u00e1nak f\u00fcggv\u00e9ny\u00e9ben adjuk. Amennyiben a megbesz\u00e9lt id\u0151pontra k\u00e9sve \u00e9rkezel, \u00fagy nem biztos, hogy a tervezett szolg\u00e1ltat\u00e1st tudjuk ny\u00fajtani, a megmaradt id\u0151 f\u00fcggv\u00e9ny\u00e9ben tudunk kezel\u00e9st aj\u00e1nlani.<\/li>\n<li>Amennyiben az el\u0151re egyeztetett id\u0151pontot nem mondod le \u00e9s ez\u00e9rt \u00fcresen marad, a lemondott kezel\u00e9s \u00e1r\u00e1t k\u00e9nytelenek vagyunk felsz\u00e1molni.<\/li>\n<li>Amennyiben az el\u0151re egyeztetett id\u0151pontot a kezel\u00e9st megel\u0151z\u0151 24 \u00f3r\u00e1n bel\u00fcl mondod le \u00e9s az id\u0151pontot minden igyekezet\u00fcnk ellen\u00e9re nem siker\u00fcl bet\u00f6lten\u00fcnk \u00e9s ez\u00e9rt \u00fcresen marad, a lemondott kezel\u00e9s \u00e1r\u00e1t k\u00e9nytelenek vagyunk felsz\u00e1molni.<\/li>\n<\/ul>\n<p>Bizonyos esetekben az id\u0151pont lefoglal\u00e1s\u00e1hoz foglal\u00f3t k\u00e9r\u00fcnk, amely ha a kezel\u00e9st megel\u0151z\u0151 legk\u00e9s\u0151bb 24 \u00f3r\u00e1val ker\u00fcl lemond\u00e1sra, \u00fagy nem j\u00e1r vissza, de k\u00f6vetkez\u0151 id\u0151pontra felhaszn\u00e1lhat\u00f3.<br \/>\nAmennyiben azonban nem ker\u00fcl lemond\u00e1sra vagy a kezel\u00e9st megel\u0151z\u0151 24 \u00f3r\u00e1n bel\u00fcl ker\u00fcl lemond\u00e1sra, \u00fagy a foglal\u00f3 nem j\u00e1r vissza \u00e9s k\u00f6vetkez\u0151 id\u0151pontra sem haszn\u00e1lhat\u00f3 fel, a k\u00f6vetkez\u0151 alkalommal az eredeti kezel\u00e9s teljes \u00e1r\u00e1t k\u00e9nytelenek vagyunk felsz\u00e1molni.<\/p>\n<p>Amennyiben sz\u00e1modra ezek a felt\u00e9telek nem elfogadhat\u00f3ak, amennyiben \u00e9ppen van \u00fcres hely\u00fcnk, sz\u00edvesen fogadunk, de el\u0151re id\u0151pontot adni sajnos nem tudunk.<\/p>\n<p>K\u00f6sz\u00f6nj\u00fck a meg\u00e9rt\u00e9seteket!<\/p>\n","protected":false},"excerpt":{"rendered":"<p>Szalonunkban\u00a0csupa kiv\u00e1l\u00f3 szakember sz\u00e9p\u00edti a Vend\u00e9gek kezeit \u00e9s l\u00e1bait \u00edgy a hozz\u00e1nk bet\u00e9r\u0151k biztosak lehetnek abban, hogy kiv\u00e1l\u00f3 szaktud\u00e1ssal, magas min\u0151s\u00e9g\u0171 alapanyagokkal, a leg\u00fajabb technol\u00f3gi\u00e1k felhaszn\u00e1l\u00e1s\u00e1val sz\u00e9p\u00fclhetnek. Szolg\u00e1ltat\u00e1saink: k\u00e9z\u00e1pol\u00e1s a hagyom\u00e1nyos manik\u0171rt\u0151l a n\u00e9pszer\u0171 tart\u00f3s lakkoz\u00e1sig m\u0171k\u00f6r\u00f6m\u00e9p\u00edt\u00e9s a saj\u00e1t k\u00f6r\u00f6m meger\u0151s\u00edt\u00e9s\u00e9t\u0151l a visszafogott francia k\u00f6rm\u00f6k\u00f6n \u00e1t eg\u00e9szen az extr\u00e9m form\u00e1kig\u2026<\/p>\n<p class=\"continue-reading-button\"> <a class=\"continue-reading-link\" href=\"https:\/\/darabosevi.hu\/hu\/bemutatkozas\/\">Continue reading<i class=\"crycon-right-dir\"><\/i><\/a><\/p>\n","protected":false},"author":1,"featured_media":0,"parent":0,"menu_order":0,"comment_status":"closed","ping_status":"closed","template":"","meta":{"footnotes":""},"class_list":["post-5","page","type-page","status-publish","hentry"],"yoast_head":"<!-- This site is optimized with the Yoast SEO plugin v25.6 - https:\/\/yoast.com\/wordpress\/plugins\/seo\/ -->\n<title>Bemutatkoz\u00e1s - Darabos \u00c9vi K\u00f6r\u00f6mszalon<\/title>\n<meta name=\"robots\" content=\"index, follow, max-snippet:-1, max-image-preview:large, max-video-preview:-1\" \/>\n<link rel=\"canonical\" href=\"https:\/\/darabosevi.hu\/hu\/bemutatkozas\/\" \/>\n<meta property=\"og:locale\" content=\"hu_HU\" \/>\n<meta property=\"og:type\" content=\"article\" \/>\n<meta property=\"og:title\" content=\"Bemutatkoz\u00e1s - Darabos \u00c9vi K\u00f6r\u00f6mszalon\" \/>\n<meta property=\"og:description\" content=\"Szalonunkban\u00a0csupa kiv\u00e1l\u00f3 szakember sz\u00e9p\u00edti a Vend\u00e9gek kezeit \u00e9s l\u00e1bait \u00edgy a hozz\u00e1nk bet\u00e9r\u0151k biztosak lehetnek abban, hogy kiv\u00e1l\u00f3 szaktud\u00e1ssal, magas min\u0151s\u00e9g\u0171 alapanyagokkal, a leg\u00fajabb technol\u00f3gi\u00e1k felhaszn\u00e1l\u00e1s\u00e1val sz\u00e9p\u00fclhetnek. Szolg\u00e1ltat\u00e1saink: k\u00e9z\u00e1pol\u00e1s a hagyom\u00e1nyos manik\u0171rt\u0151l a n\u00e9pszer\u0171 tart\u00f3s lakkoz\u00e1sig m\u0171k\u00f6r\u00f6m\u00e9p\u00edt\u00e9s a saj\u00e1t k\u00f6r\u00f6m meger\u0151s\u00edt\u00e9s\u00e9t\u0151l a visszafogott francia k\u00f6rm\u00f6k\u00f6n \u00e1t eg\u00e9szen az extr\u00e9m form\u00e1kig\u2026 Continue reading\" \/>\n<meta property=\"og:url\" content=\"https:\/\/darabosevi.hu\/hu\/bemutatkozas\/\" \/>\n<meta property=\"og:site_name\" content=\"Darabos \u00c9vi K\u00f6r\u00f6mszalon\" \/>\n<meta property=\"article:modified_time\" content=\"2025-09-09T12:54:22+00:00\" \/>\n<meta property=\"og:image\" content=\"https:\/\/darabosevi.hu\/wp-content\/uploads\/2018\/05\/4082.jpg\" \/>\n\t<meta property=\"og:image:width\" content=\"1200\" \/>\n\t<meta property=\"og:image:height\" content=\"1000\" \/>\n\t<meta property=\"og:image:type\" content=\"image\/jpeg\" \/>\n<meta name=\"twitter:card\" content=\"summary_large_image\" \/>\n<meta name=\"twitter:label1\" content=\"Becs\u00fclt olvas\u00e1si id\u0151\" \/>\n\t<meta name=\"twitter:data1\" content=\"2 perc\" \/>\n<script type=\"application\/ld+json\" class=\"yoast-schema-graph\">{\"@context\":\"https:\/\/schema.org\",\"@graph\":[{\"@type\":\"WebPage\",\"@id\":\"https:\/\/darabosevi.hu\/hu\/bemutatkozas\/\",\"url\":\"https:\/\/darabosevi.hu\/hu\/bemutatkozas\/\",\"name\":\"Bemutatkoz\u00e1s - Darabos \u00c9vi K\u00f6r\u00f6mszalon\",\"isPartOf\":{\"@id\":\"https:\/\/darabosevi.hu\/hu\/#website\"},\"primaryImageOfPage\":{\"@id\":\"https:\/\/darabosevi.hu\/hu\/bemutatkozas\/#primaryimage\"},\"image\":{\"@id\":\"https:\/\/darabosevi.hu\/hu\/bemutatkozas\/#primaryimage\"},\"thumbnailUrl\":\"https:\/\/darabosevi.hu\/wp-content\/uploads\/2018\/05\/4082-300x250.jpg\",\"datePublished\":\"2016-12-31T13:09:39+00:00\",\"dateModified\":\"2025-09-09T12:54:22+00:00\",\"breadcrumb\":{\"@id\":\"https:\/\/darabosevi.hu\/hu\/bemutatkozas\/#breadcrumb\"},\"inLanguage\":\"hu\",\"potentialAction\":[{\"@type\":\"ReadAction\",\"target\":[\"https:\/\/darabosevi.hu\/hu\/bemutatkozas\/\"]}]},{\"@type\":\"ImageObject\",\"inLanguage\":\"hu\",\"@id\":\"https:\/\/darabosevi.hu\/hu\/bemutatkozas\/#primaryimage\",\"url\":\"https:\/\/darabosevi.hu\/wp-content\/uploads\/2018\/05\/4082-300x250.jpg\",\"contentUrl\":\"https:\/\/darabosevi.hu\/wp-content\/uploads\/2018\/05\/4082-300x250.jpg\"},{\"@type\":\"BreadcrumbList\",\"@id\":\"https:\/\/darabosevi.hu\/hu\/bemutatkozas\/#breadcrumb\",\"itemListElement\":[{\"@type\":\"ListItem\",\"position\":1,\"name\":\"Home\",\"item\":\"https:\/\/darabosevi.hu\/hu\/\"},{\"@type\":\"ListItem\",\"position\":2,\"name\":\"Bemutatkoz\u00e1s\"}]},{\"@type\":\"WebSite\",\"@id\":\"https:\/\/darabosevi.hu\/hu\/#website\",\"url\":\"https:\/\/darabosevi.hu\/hu\/\",\"name\":\"Darabos \u00c9vi K\u00f6r\u00f6mszalon\",\"description\":\"Budapest, 1066, J\u00f3kai utca 7.\",\"potentialAction\":[{\"@type\":\"SearchAction\",\"target\":{\"@type\":\"EntryPoint\",\"urlTemplate\":\"https:\/\/darabosevi.hu\/hu\/?s={search_term_string}\"},\"query-input\":{\"@type\":\"PropertyValueSpecification\",\"valueRequired\":true,\"valueName\":\"search_term_string\"}}],\"inLanguage\":\"hu\"}]}<\/script>\n<!-- \/ Yoast SEO plugin. -->","yoast_head_json":{"title":"Bemutatkoz\u00e1s - Darabos \u00c9vi K\u00f6r\u00f6mszalon","robots":{"index":"index","follow":"follow","max-snippet":"max-snippet:-1","max-image-preview":"max-image-preview:large","max-video-preview":"max-video-preview:-1"},"canonical":"https:\/\/darabosevi.hu\/hu\/bemutatkozas\/","og_locale":"hu_HU","og_type":"article","og_title":"Bemutatkoz\u00e1s - Darabos \u00c9vi K\u00f6r\u00f6mszalon","og_description":"Szalonunkban\u00a0csupa kiv\u00e1l\u00f3 szakember sz\u00e9p\u00edti a Vend\u00e9gek kezeit \u00e9s l\u00e1bait \u00edgy a hozz\u00e1nk bet\u00e9r\u0151k biztosak lehetnek abban, hogy kiv\u00e1l\u00f3 szaktud\u00e1ssal, magas min\u0151s\u00e9g\u0171 alapanyagokkal, a leg\u00fajabb technol\u00f3gi\u00e1k felhaszn\u00e1l\u00e1s\u00e1val sz\u00e9p\u00fclhetnek. Szolg\u00e1ltat\u00e1saink: k\u00e9z\u00e1pol\u00e1s a hagyom\u00e1nyos manik\u0171rt\u0151l a n\u00e9pszer\u0171 tart\u00f3s lakkoz\u00e1sig m\u0171k\u00f6r\u00f6m\u00e9p\u00edt\u00e9s a saj\u00e1t k\u00f6r\u00f6m meger\u0151s\u00edt\u00e9s\u00e9t\u0151l a visszafogott francia k\u00f6rm\u00f6k\u00f6n \u00e1t eg\u00e9szen az extr\u00e9m form\u00e1kig\u2026 Continue reading","og_url":"https:\/\/darabosevi.hu\/hu\/bemutatkozas\/","og_site_name":"Darabos \u00c9vi K\u00f6r\u00f6mszalon","article_modified_time":"2025-09-09T12:54:22+00:00","og_image":[{"width":1200,"height":1000,"url":"https:\/\/darabosevi.hu\/wp-content\/uploads\/2018\/05\/4082.jpg","type":"image\/jpeg"}],"twitter_card":"summary_large_image","twitter_misc":{"Becs\u00fclt olvas\u00e1si id\u0151":"2 perc"},"schema":{"@context":"https:\/\/schema.org","@graph":[{"@type":"WebPage","@id":"https:\/\/darabosevi.hu\/hu\/bemutatkozas\/","url":"https:\/\/darabosevi.hu\/hu\/bemutatkozas\/","name":"Bemutatkoz\u00e1s - Darabos \u00c9vi K\u00f6r\u00f6mszalon","isPartOf":{"@id":"https:\/\/darabosevi.hu\/hu\/#website"},"primaryImageOfPage":{"@id":"https:\/\/darabosevi.hu\/hu\/bemutatkozas\/#primaryimage"},"image":{"@id":"https:\/\/darabosevi.hu\/hu\/bemutatkozas\/#primaryimage"},"thumbnailUrl":"https:\/\/darabosevi.hu\/wp-content\/uploads\/2018\/05\/4082-300x250.jpg","datePublished":"2016-12-31T13:09:39+00:00","dateModified":"2025-09-09T12:54:22+00:00","breadcrumb":{"@id":"https:\/\/darabosevi.hu\/hu\/bemutatkozas\/#breadcrumb"},"inLanguage":"hu","potentialAction":[{"@type":"ReadAction","target":["https:\/\/darabosevi.hu\/hu\/bemutatkozas\/"]}]},{"@type":"ImageObject","inLanguage":"hu","@id":"https:\/\/darabosevi.hu\/hu\/bemutatkozas\/#primaryimage","url":"https:\/\/darabosevi.hu\/wp-content\/uploads\/2018\/05\/4082-300x250.jpg","contentUrl":"https:\/\/darabosevi.hu\/wp-content\/uploads\/2018\/05\/4082-300x250.jpg"},{"@type":"BreadcrumbList","@id":"https:\/\/darabosevi.hu\/hu\/bemutatkozas\/#breadcrumb","itemListElement":[{"@type":"ListItem","position":1,"name":"Home","item":"https:\/\/darabosevi.hu\/hu\/"},{"@type":"ListItem","position":2,"name":"Bemutatkoz\u00e1s"}]},{"@type":"WebSite","@id":"https:\/\/darabosevi.hu\/hu\/#website","url":"https:\/\/darabosevi.hu\/hu\/","name":"Darabos \u00c9vi K\u00f6r\u00f6mszalon","description":"Budapest, 1066, J\u00f3kai utca 7.","potentialAction":[{"@type":"SearchAction","target":{"@type":"EntryPoint","urlTemplate":"https:\/\/darabosevi.hu\/hu\/?s={search_term_string}"},"query-input":{"@type":"PropertyValueSpecification","valueRequired":true,"valueName":"search_term_string"}}],"inLanguage":"hu"}]}},"_links":{"self":[{"href":"https:\/\/darabosevi.hu\/hu\/wp-json\/wp\/v2\/pages\/5","targetHints":{"allow":["GET"]}}],"collection":[{"href":"https:\/\/darabosevi.hu\/hu\/wp-json\/wp\/v2\/pages"}],"about":[{"href":"https:\/\/darabosevi.hu\/hu\/wp-json\/wp\/v2\/types\/page"}],"author":[{"embeddable":true,"href":"https:\/\/darabosevi.hu\/hu\/wp-json\/wp\/v2\/users\/1"}],"replies":[{"embeddable":true,"href":"https:\/\/darabosevi.hu\/hu\/wp-json\/wp\/v2\/comments?post=5"}],"version-history":[{"count":31,"href":"https:\/\/darabosevi.hu\/hu\/wp-json\/wp\/v2\/pages\/5\/revisions"}],"predecessor-version":[{"id":1833,"href":"https:\/\/darabosevi.hu\/hu\/wp-json\/wp\/v2\/pages\/5\/revisions\/1833"}],"wp:attachment":[{"href":"https:\/\/darabosevi.hu\/hu\/wp-json\/wp\/v2\/media?parent=5"}],"curies":[{"name":"wp","href":"https:\/\/api.w.org\/{rel}","templated":true}]}}