{"id":740,"date":"2019-04-18T19:59:49","date_gmt":"2019-04-18T18:59:49","guid":{"rendered":"https:\/\/darabosevi.hu\/hu\/?page_id=740"},"modified":"2026-01-28T10:49:28","modified_gmt":"2026-01-28T09:49:28","slug":"smink","status":"publish","type":"page","link":"https:\/\/darabosevi.hu\/hu\/smink\/","title":{"rendered":"Smink"},"content":{"rendered":"<div class=\"wp-block-image\">\n<figure class=\"alignright\"><a href=\"https:\/\/darabosevi.hu\/wp-content\/uploads\/2019\/04\/IMG_2508.jpg\"><img loading=\"lazy\" decoding=\"async\" width=\"300\" height=\"300\" src=\"https:\/\/darabosevi.hu\/wp-content\/uploads\/2019\/04\/IMG_2508-300x300.jpg\" alt=\"H\u00e1romsz\u00edn\u0171 \u00e1tmenet ceruza alapra \u00e9p\u00edtve m\u00e9ly\u00edt\u0151vonallal\" class=\"wp-image-734\" srcset=\"https:\/\/darabosevi.hu\/wp-content\/uploads\/2019\/04\/IMG_2508-300x300.jpg 300w, https:\/\/darabosevi.hu\/wp-content\/uploads\/2019\/04\/IMG_2508-150x150.jpg 150w, https:\/\/darabosevi.hu\/wp-content\/uploads\/2019\/04\/IMG_2508-768x768.jpg 768w, https:\/\/darabosevi.hu\/wp-content\/uploads\/2019\/04\/IMG_2508-1024x1024.jpg 1024w\" sizes=\"auto, (max-width: 300px) 100vw, 300px\" \/><\/a><\/figure><\/div>\n\n\n<p><\/p>\n\n\n\n<p>A sminkel\u00e9ssel f\u0151 c\u00e9lunk, hogy elrejts\u00fck az esetleges b\u0151rhib\u00e1kat \u00e9s kiemelj\u00fck az arc term\u00e9szetes sz\u00e9ps\u00e9g\u00e9t.<br>A megfelel\u0151 sz\u00ednek haszn\u00e1lat\u00e1val az arc \u00e9lettel teli lesz \u00e9s harm\u00f3ni\u00e1ba ker\u00fcl a teljes megjelen\u00e9ssel.<\/p>\n\n\n\n<p>A term\u00e9szetes, nappali sminkkel finom, l\u00e1gy sz\u00edneket haszn\u00e1lunk \u00e9s letisztult \u00f6sszk\u00e9pet \u00e9rhet\u00fcnk el, m\u00edg az alkalmi sminkekn\u00e9l b\u00e1trabban haszn\u00e1ljuk a sz\u00edneket \u00e9s j\u00e1tszunk a form\u00e1kkal, hogy egy l\u00e1tv\u00e1nyosabb \u00f6sszat\u00e1st \u00e9rj\u00fcnk el.<\/p>\n\n\n\n<p>A min\u0151s\u00e9gi smink a megfelel\u0151 alapanyagokkal kezd\u0151dik, \u00edgy munk\u00e1nk sor\u00e1n kiz\u00e1r\u00f3lag professzion\u00e1lis smink alapanyagokkal dolgozunk.<\/p>\n\n\n\n<p>A smink elk\u00e9sz\u00edt\u00e9s\u00e9nek id\u0151tartama az elv\u00e9gzend\u0151 munk\u00e1t\u00f3l f\u00fcgg, \u00e1tlagosan 1-2 \u00f3r\u00e1t vesz ig\u00e9nybe.<br>A sminkeket&nbsp;<strong>Darabos \u00c9vi<\/strong>&nbsp;k\u00e9sz\u00edti.<\/p>\n\n\n\n<p><\/p>\n\n\n<div class=\"wp-block-image\">\n<figure class=\"alignleft size-full\"><img loading=\"lazy\" decoding=\"async\" width=\"130\" height=\"166\" src=\"https:\/\/darabosevi.hu\/wp-content\/uploads\/2025\/09\/Darabos_Evi_fokep.jpg\" alt=\"Darabos \u00c9vi\" class=\"wp-image-1862\" srcset=\"https:\/\/darabosevi.hu\/wp-content\/uploads\/2025\/09\/Darabos_Evi_fokep.jpg 130w, https:\/\/darabosevi.hu\/wp-content\/uploads\/2025\/09\/Darabos_Evi_fokep-100x128.jpg 100w, https:\/\/darabosevi.hu\/wp-content\/uploads\/2025\/09\/Darabos_Evi_fokep-117x150.jpg 117w\" sizes=\"auto, (max-width: 130px) 100vw, 130px\" \/><\/figure><\/div>\n\n\n<p><strong>Darabos \u00c9vi<br><\/strong><br>\u00c9vi 2018-ban a Sz\u00e9ps\u00e9gtan\u00e1csad\u00f3 k\u00e9pz\u00e9s sor\u00e1n ismerkedett meg komolyabban a sminkel\u00e9ssel \u00e9s azonnal tudta, hogy ezen a ter\u00fcleten is profiv\u00e1 szeretne v\u00e1lni.<br>Ez alatt a tanfolyam alatt csak felsz\u00ednesen tanult a sminkel\u00e9sr\u0151l, \u00edgy 2019 tavasz\u00e1n beiratkozott R\u00e9ti D\u00f3ra sminkiskol\u00e1j\u00e1ba, ahol megismerkedett a f\u0151 sminkel\u00e9si technik\u00e1kkal \u00e9s a k\u00fcl\u00f6nb\u00f6z\u0151 sz\u00ednkombin\u00e1ci\u00f3kkal, az esetleges hib\u00e1k korrig\u00e1l\u00e1s\u00e1nak lehet\u0151s\u00e9geivel, a nappali-, alkalmi- \u00e9s menyasszonyi sminkek elk\u00e9sz\u00edt\u00e9si m\u00f3dj\u00e1val, \u00e9s a Profi Sminkes tanfolyam elv\u00e9gz\u00e9se ut\u00e1n sikeres vizsg\u00e1t tett.<\/p>\n\n\n\n<p>\u00c9vi n\u00e9h\u00e1ny munk\u00e1ja:<\/p>\n\n\n<style type=\"text\/css\">\n\t#foogallery-gallery-748 .fg-image {\n        width: 150px;\n    }\n<\/style>\n\t\t\t\t<div class=\"foogallery foogallery-container foogallery-default foogallery-lightbox-foobox fg-gutter-10 fg-center fg-default fg-light fg-border-thin fg-shadow-outline fg-loading-default fg-loaded-fade-in fg-caption-hover fg-hover-fade fg-hover-zoom fg-ready\" id=\"foogallery-gallery-748\" data-foogallery=\"{&quot;item&quot;:{&quot;showCaptionTitle&quot;:true,&quot;showCaptionDescription&quot;:true},&quot;lazy&quot;:true}\" >\n\t<div class=\"fg-item fg-type-image fg-idle\"><figure class=\"fg-item-inner\"><a href=\"https:\/\/darabosevi.hu\/wp-content\/uploads\/2019\/04\/IMG_2026.jpg\" data-caption-title=\"F\u00fcst\u00f6s hat\u00e1s ceruza alapon\" data-caption-desc=\"F\u00fcst\u00f6s hat\u00e1s ceruza alapon\" data-attachment-id=\"717\" data-type=\"image\" class=\"fg-thumb\"><span class=\"fg-image-wrap\"><img decoding=\"async\" alt=\"F\u00fcst\u00f6s hat\u00e1s ceruza alapon\" title=\"F\u00fcst\u00f6s hat\u00e1s ceruza alapon\" width=\"150\" height=\"150\" class=\"skip-lazy fg-image\" data-src-fg=\"https:\/\/darabosevi.hu\/wp-content\/uploads\/cache\/2019\/04\/IMG_2026\/3913041633.jpg\" src=\"data:image\/svg+xml,%3Csvg%20xmlns%3D%22http%3A%2F%2Fwww.w3.org%2F2000%2Fsvg%22%20width%3D%22150%22%20height%3D%22150%22%20viewBox%3D%220%200%20150%20150%22%3E%3C%2Fsvg%3E\" loading=\"eager\"><\/span><span class=\"fg-image-overlay\"><\/span><\/a><figcaption class=\"fg-caption\"><div class=\"fg-caption-inner\"><div class=\"fg-caption-title\">F\u00fcst\u00f6s hat\u00e1s ceruza alapon<\/div><div class=\"fg-caption-desc\">F\u00fcst\u00f6s hat\u00e1s ceruza alapon<\/div><\/div><\/figcaption><\/figure><div class=\"fg-loader\"><\/div><\/div><div class=\"fg-item fg-type-image fg-idle\"><figure class=\"fg-item-inner\"><a href=\"https:\/\/darabosevi.hu\/wp-content\/uploads\/2019\/04\/IMG_2121.jpg\" data-caption-title=\"K\u00e9tsz\u00edn\u0171 \u00e1tmenet kr\u00e9mre \u00e9p\u00edtve\" data-caption-desc=\"K\u00e9tsz\u00edn\u0171 \u00e1tmenet kr\u00e9mre \u00e9p\u00edtve\" data-attachment-id=\"720\" data-type=\"image\" class=\"fg-thumb\"><span class=\"fg-image-wrap\"><img decoding=\"async\" alt=\"K\u00e9tsz\u00edn\u0171 \u00e1tmenet kr\u00e9mre \u00e9p\u00edtve\" title=\"K\u00e9tsz\u00edn\u0171 \u00e1tmenet kr\u00e9mre \u00e9p\u00edtve\" width=\"150\" height=\"150\" class=\"skip-lazy fg-image\" data-src-fg=\"https:\/\/darabosevi.hu\/wp-content\/uploads\/cache\/2019\/04\/IMG_2121\/2160576549.jpg\" src=\"data:image\/svg+xml,%3Csvg%20xmlns%3D%22http%3A%2F%2Fwww.w3.org%2F2000%2Fsvg%22%20width%3D%22150%22%20height%3D%22150%22%20viewBox%3D%220%200%20150%20150%22%3E%3C%2Fsvg%3E\" loading=\"eager\"><\/span><span class=\"fg-image-overlay\"><\/span><\/a><figcaption class=\"fg-caption\"><div class=\"fg-caption-inner\"><div class=\"fg-caption-title\">K\u00e9tsz\u00edn\u0171 \u00e1tmenet kr\u00e9mre \u00e9p\u00edtve<\/div><div class=\"fg-caption-desc\">K\u00e9tsz\u00edn\u0171 \u00e1tmenet kr\u00e9mre \u00e9p\u00edtve<\/div><\/div><\/figcaption><\/figure><div class=\"fg-loader\"><\/div><\/div><div class=\"fg-item fg-type-image fg-idle\"><figure class=\"fg-item-inner\"><a href=\"https:\/\/darabosevi.hu\/wp-content\/uploads\/2019\/04\/fruzsi1.jpg\" data-caption-title=\"Er\u0151sebb nappali smink ceruza alapra \u00e9p\u00edtve\" data-caption-desc=\"Er\u0151sebb nappali smink ceruza alapra \u00e9p\u00edtve\" data-attachment-id=\"761\" data-type=\"image\" class=\"fg-thumb\"><span class=\"fg-image-wrap\"><img decoding=\"async\" alt=\"Er\u0151sebb nappali smink ceruza alapra \u00e9p\u00edtve\" title=\"Er\u0151sebb nappali smink ceruza alapra \u00e9p\u00edtve\" width=\"150\" height=\"150\" class=\"skip-lazy fg-image\" data-src-fg=\"https:\/\/darabosevi.hu\/wp-content\/uploads\/cache\/2019\/04\/fruzsi1\/1884358425.jpg\" src=\"data:image\/svg+xml,%3Csvg%20xmlns%3D%22http%3A%2F%2Fwww.w3.org%2F2000%2Fsvg%22%20width%3D%22150%22%20height%3D%22150%22%20viewBox%3D%220%200%20150%20150%22%3E%3C%2Fsvg%3E\" loading=\"eager\"><\/span><span class=\"fg-image-overlay\"><\/span><\/a><figcaption class=\"fg-caption\"><div class=\"fg-caption-inner\"><div class=\"fg-caption-title\">Er\u0151sebb nappali smink ceruza alapra \u00e9p\u00edtve<\/div><div class=\"fg-caption-desc\">Er\u0151sebb nappali smink ceruza alapra \u00e9p\u00edtve<\/div><\/div><\/figcaption><\/figure><div class=\"fg-loader\"><\/div><\/div><div class=\"fg-item fg-type-image fg-idle\"><figure class=\"fg-item-inner\"><a href=\"https:\/\/darabosevi.hu\/wp-content\/uploads\/2019\/04\/IMG_2424.jpg\" data-caption-title=\"H\u00e1rom sz\u00edn\u0171 \u00e1tmenet fekete ceruza alapra \u00e9p\u00edtve, m\u00e9ly\u00edt\u0151 vonallal\" data-caption-desc=\"H\u00e1rom sz\u00edn\u0171 \u00e1tmenet fekete ceruza alapra \u00e9p\u00edtve, m\u00e9ly\u00edt\u0151 vonallal\" data-attachment-id=\"732\" data-type=\"image\" class=\"fg-thumb\"><span class=\"fg-image-wrap\"><img decoding=\"async\" alt=\"H\u00e1rom sz\u00edn\u0171 \u00e1tmenet fekete ceruza alapra \u00e9p\u00edtve, m\u00e9ly\u00edt\u0151 vonallal\" title=\"H\u00e1rom sz\u00edn\u0171 \u00e1tmenet fekete ceruza alapra \u00e9p\u00edtve, m\u00e9ly\u00edt\u0151 vonallal\" width=\"150\" height=\"150\" class=\"skip-lazy fg-image\" data-src-fg=\"https:\/\/darabosevi.hu\/wp-content\/uploads\/cache\/2019\/04\/IMG_2424\/3845579456.jpg\" src=\"data:image\/svg+xml,%3Csvg%20xmlns%3D%22http%3A%2F%2Fwww.w3.org%2F2000%2Fsvg%22%20width%3D%22150%22%20height%3D%22150%22%20viewBox%3D%220%200%20150%20150%22%3E%3C%2Fsvg%3E\" loading=\"eager\"><\/span><span class=\"fg-image-overlay\"><\/span><\/a><figcaption class=\"fg-caption\"><div class=\"fg-caption-inner\"><div class=\"fg-caption-title\">H\u00e1rom sz\u00edn\u0171 \u00e1tmenet fekete ceruza alapra \u00e9p\u00edtve, m\u00e9ly\u00edt\u0151 vonallal<\/div><div class=\"fg-caption-desc\">H\u00e1rom sz\u00edn\u0171 \u00e1tmenet fekete ceruza alapra \u00e9p\u00edtve, m\u00e9ly\u00edt\u0151 vonallal<\/div><\/div><\/figcaption><\/figure><div class=\"fg-loader\"><\/div><\/div><div class=\"fg-item fg-type-image fg-idle\"><figure class=\"fg-item-inner\"><a href=\"https:\/\/darabosevi.hu\/wp-content\/uploads\/2019\/04\/IMG_2509.jpg\" data-caption-title=\"Lebeg\u0151 m\u00e9ly\u00edt\u0151 vonal l\u00e1gy kr\u00e9malapra tusvonallal\" data-caption-desc=\"Lebeg\u0151 m\u00e9ly\u00edt\u0151 vonal l\u00e1gy kr\u00e9malapra tusvonallal\" data-attachment-id=\"735\" data-type=\"image\" class=\"fg-thumb\"><span class=\"fg-image-wrap\"><img decoding=\"async\" alt=\"Lebeg\u0151 m\u00e9ly\u00edt\u0151 vonal l\u00e1gy kr\u00e9malapra tusvonallal\" title=\"Lebeg\u0151 m\u00e9ly\u00edt\u0151 vonal l\u00e1gy kr\u00e9malapra tusvonallal\" width=\"150\" height=\"150\" class=\"skip-lazy fg-image\" data-src-fg=\"https:\/\/darabosevi.hu\/wp-content\/uploads\/cache\/2019\/04\/IMG_2509\/2337910826.jpg\" src=\"data:image\/svg+xml,%3Csvg%20xmlns%3D%22http%3A%2F%2Fwww.w3.org%2F2000%2Fsvg%22%20width%3D%22150%22%20height%3D%22150%22%20viewBox%3D%220%200%20150%20150%22%3E%3C%2Fsvg%3E\" loading=\"eager\"><\/span><span class=\"fg-image-overlay\"><\/span><\/a><figcaption class=\"fg-caption\"><div class=\"fg-caption-inner\"><div class=\"fg-caption-title\">Lebeg\u0151 m\u00e9ly\u00edt\u0151 vonal l\u00e1gy kr\u00e9malapra tusvonallal<\/div><div class=\"fg-caption-desc\">Lebeg\u0151 m\u00e9ly\u00edt\u0151 vonal l\u00e1gy kr\u00e9malapra tusvonallal<\/div><\/div><\/figcaption><\/figure><div class=\"fg-loader\"><\/div><\/div><div class=\"fg-item fg-type-image fg-idle\"><figure class=\"fg-item-inner\"><a href=\"https:\/\/darabosevi.hu\/wp-content\/uploads\/2019\/04\/IMG_2422.jpg\" data-caption-title=\"H\u00e1rom sz\u00edn\u0171 \u00e1tmenet ceruza alapra \u00e9p\u00edtve, m\u00e9ly\u00edt\u0151 vonallal\" data-caption-desc=\"H\u00e1rom sz\u00edn\u0171 \u00e1tmenet ceruza alapra \u00e9p\u00edtve, m\u00e9ly\u00edt\u0151 vonallal\" data-attachment-id=\"730\" data-type=\"image\" class=\"fg-thumb\"><span class=\"fg-image-wrap\"><img decoding=\"async\" alt=\"H\u00e1rom sz\u00edn\u0171 \u00e1tmenet ceruza alapra \u00e9p\u00edtve, m\u00e9ly\u00edt\u0151 vonallal\" title=\"H\u00e1rom sz\u00edn\u0171 \u00e1tmenet ceruza alapra \u00e9p\u00edtve, m\u00e9ly\u00edt\u0151 vonallal\" width=\"150\" height=\"150\" class=\"skip-lazy fg-image\" data-src-fg=\"https:\/\/darabosevi.hu\/wp-content\/uploads\/cache\/2019\/04\/IMG_2422\/919625373.jpg\" src=\"data:image\/svg+xml,%3Csvg%20xmlns%3D%22http%3A%2F%2Fwww.w3.org%2F2000%2Fsvg%22%20width%3D%22150%22%20height%3D%22150%22%20viewBox%3D%220%200%20150%20150%22%3E%3C%2Fsvg%3E\" loading=\"eager\"><\/span><span class=\"fg-image-overlay\"><\/span><\/a><figcaption class=\"fg-caption\"><div class=\"fg-caption-inner\"><div class=\"fg-caption-title\">H\u00e1rom sz\u00edn\u0171 \u00e1tmenet ceruza alapra \u00e9p\u00edtve, m\u00e9ly\u00edt\u0151 vonallal<\/div><div class=\"fg-caption-desc\">H\u00e1rom sz\u00edn\u0171 \u00e1tmenet ceruza alapra \u00e9p\u00edtve, m\u00e9ly\u00edt\u0151 vonallal<\/div><\/div><\/figcaption><\/figure><div class=\"fg-loader\"><\/div><\/div><div class=\"fg-item fg-type-image fg-idle\"><figure class=\"fg-item-inner\"><a href=\"https:\/\/darabosevi.hu\/wp-content\/uploads\/2019\/04\/fruzsi7.jpg\" data-caption-title=\"Er\u0151sebb nappali smink ceruza alapra \u00e9p\u00edtve\" data-caption-desc=\"Er\u0151sebb nappali smink ceruza alapra \u00e9p\u00edtve\" data-attachment-id=\"767\" data-type=\"image\" class=\"fg-thumb\"><span class=\"fg-image-wrap\"><img decoding=\"async\" alt=\"Er\u0151sebb nappali smink ceruza alapra \u00e9p\u00edtve\" title=\"Er\u0151sebb nappali smink ceruza alapra \u00e9p\u00edtve\" width=\"150\" height=\"150\" class=\"skip-lazy fg-image\" data-src-fg=\"https:\/\/darabosevi.hu\/wp-content\/uploads\/cache\/2019\/04\/fruzsi7\/1117240185.jpg\" src=\"data:image\/svg+xml,%3Csvg%20xmlns%3D%22http%3A%2F%2Fwww.w3.org%2F2000%2Fsvg%22%20width%3D%22150%22%20height%3D%22150%22%20viewBox%3D%220%200%20150%20150%22%3E%3C%2Fsvg%3E\" loading=\"eager\"><\/span><span class=\"fg-image-overlay\"><\/span><\/a><figcaption class=\"fg-caption\"><div class=\"fg-caption-inner\"><div class=\"fg-caption-title\">Er\u0151sebb nappali smink ceruza alapra \u00e9p\u00edtve<\/div><div class=\"fg-caption-desc\">Er\u0151sebb nappali smink ceruza alapra \u00e9p\u00edtve<\/div><\/div><\/figcaption><\/figure><div class=\"fg-loader\"><\/div><\/div><\/div>\n\n\n\n\n<p>\u00c9vi tov\u00e1bbi munk\u00e1it a <a href=\"\/hu\/kepek-darabos-evi\/\">K\u00e9pek<\/a> k\u00f6z\u00f6tt tal\u00e1lod meg.<\/p>\n","protected":false},"excerpt":{"rendered":"<p>A sminkel\u00e9ssel f\u0151 c\u00e9lunk, hogy elrejts\u00fck az esetleges b\u0151rhib\u00e1kat \u00e9s kiemelj\u00fck az arc term\u00e9szetes sz\u00e9ps\u00e9g\u00e9t.A megfelel\u0151 sz\u00ednek haszn\u00e1lat\u00e1val az arc \u00e9lettel teli lesz \u00e9s harm\u00f3ni\u00e1ba ker\u00fcl a teljes megjelen\u00e9ssel. A term\u00e9szetes, nappali sminkkel finom, l\u00e1gy sz\u00edneket haszn\u00e1lunk \u00e9s letisztult \u00f6sszk\u00e9pet \u00e9rhet\u00fcnk el, m\u00edg az alkalmi sminkekn\u00e9l b\u00e1trabban haszn\u00e1ljuk a sz\u00edneket\u2026<\/p>\n<p class=\"continue-reading-button\"> <a class=\"continue-reading-link\" href=\"https:\/\/darabosevi.hu\/hu\/smink\/\">Continue reading<i class=\"crycon-right-dir\"><\/i><\/a><\/p>\n","protected":false},"author":1,"featured_media":0,"parent":0,"menu_order":0,"comment_status":"closed","ping_status":"closed","template":"","meta":{"footnotes":""},"class_list":["post-740","page","type-page","status-publish","hentry"],"yoast_head":"<!-- This site is optimized with the Yoast SEO plugin v25.6 - https:\/\/yoast.com\/wordpress\/plugins\/seo\/ -->\n<title>Smink - Darabos \u00c9vi K\u00f6r\u00f6mszalon<\/title>\n<meta name=\"robots\" content=\"index, follow, max-snippet:-1, max-image-preview:large, max-video-preview:-1\" \/>\n<link rel=\"canonical\" href=\"https:\/\/darabosevi.hu\/hu\/smink\/\" \/>\n<meta property=\"og:locale\" content=\"hu_HU\" \/>\n<meta property=\"og:type\" content=\"article\" \/>\n<meta property=\"og:title\" content=\"Smink - Darabos \u00c9vi K\u00f6r\u00f6mszalon\" \/>\n<meta property=\"og:description\" content=\"A sminkel\u00e9ssel f\u0151 c\u00e9lunk, hogy elrejts\u00fck az esetleges b\u0151rhib\u00e1kat \u00e9s kiemelj\u00fck az arc term\u00e9szetes sz\u00e9ps\u00e9g\u00e9t.A megfelel\u0151 sz\u00ednek haszn\u00e1lat\u00e1val az arc \u00e9lettel teli lesz \u00e9s harm\u00f3ni\u00e1ba ker\u00fcl a teljes megjelen\u00e9ssel. A term\u00e9szetes, nappali sminkkel finom, l\u00e1gy sz\u00edneket haszn\u00e1lunk \u00e9s letisztult \u00f6sszk\u00e9pet \u00e9rhet\u00fcnk el, m\u00edg az alkalmi sminkekn\u00e9l b\u00e1trabban haszn\u00e1ljuk a sz\u00edneket\u2026 Continue reading\" \/>\n<meta property=\"og:url\" content=\"https:\/\/darabosevi.hu\/hu\/smink\/\" \/>\n<meta property=\"og:site_name\" content=\"Darabos \u00c9vi K\u00f6r\u00f6mszalon\" \/>\n<meta property=\"article:modified_time\" content=\"2026-01-28T09:49:28+00:00\" \/>\n<meta property=\"og:image\" content=\"https:\/\/darabosevi.hu\/wp-content\/uploads\/2019\/04\/IMG_2508.jpg\" \/>\n\t<meta property=\"og:image:width\" content=\"2400\" \/>\n\t<meta property=\"og:image:height\" content=\"2400\" \/>\n\t<meta property=\"og:image:type\" content=\"image\/jpeg\" \/>\n<meta name=\"twitter:card\" content=\"summary_large_image\" \/>\n<meta name=\"twitter:label1\" content=\"Becs\u00fclt olvas\u00e1si id\u0151\" \/>\n\t<meta name=\"twitter:data1\" content=\"2 perc\" \/>\n<script type=\"application\/ld+json\" class=\"yoast-schema-graph\">{\"@context\":\"https:\/\/schema.org\",\"@graph\":[{\"@type\":\"WebPage\",\"@id\":\"https:\/\/darabosevi.hu\/hu\/smink\/\",\"url\":\"https:\/\/darabosevi.hu\/hu\/smink\/\",\"name\":\"Smink - Darabos \u00c9vi K\u00f6r\u00f6mszalon\",\"isPartOf\":{\"@id\":\"https:\/\/darabosevi.hu\/hu\/#website\"},\"primaryImageOfPage\":{\"@id\":\"https:\/\/darabosevi.hu\/hu\/smink\/#primaryimage\"},\"image\":{\"@id\":\"https:\/\/darabosevi.hu\/hu\/smink\/#primaryimage\"},\"thumbnailUrl\":\"https:\/\/darabosevi.hu\/wp-content\/uploads\/2019\/04\/IMG_2508-300x300.jpg\",\"datePublished\":\"2019-04-18T18:59:49+00:00\",\"dateModified\":\"2026-01-28T09:49:28+00:00\",\"breadcrumb\":{\"@id\":\"https:\/\/darabosevi.hu\/hu\/smink\/#breadcrumb\"},\"inLanguage\":\"hu\",\"potentialAction\":[{\"@type\":\"ReadAction\",\"target\":[\"https:\/\/darabosevi.hu\/hu\/smink\/\"]}]},{\"@type\":\"ImageObject\",\"inLanguage\":\"hu\",\"@id\":\"https:\/\/darabosevi.hu\/hu\/smink\/#primaryimage\",\"url\":\"https:\/\/darabosevi.hu\/wp-content\/uploads\/2019\/04\/IMG_2508-300x300.jpg\",\"contentUrl\":\"https:\/\/darabosevi.hu\/wp-content\/uploads\/2019\/04\/IMG_2508-300x300.jpg\"},{\"@type\":\"BreadcrumbList\",\"@id\":\"https:\/\/darabosevi.hu\/hu\/smink\/#breadcrumb\",\"itemListElement\":[{\"@type\":\"ListItem\",\"position\":1,\"name\":\"Home\",\"item\":\"https:\/\/darabosevi.hu\/hu\/\"},{\"@type\":\"ListItem\",\"position\":2,\"name\":\"Smink\"}]},{\"@type\":\"WebSite\",\"@id\":\"https:\/\/darabosevi.hu\/hu\/#website\",\"url\":\"https:\/\/darabosevi.hu\/hu\/\",\"name\":\"Darabos \u00c9vi K\u00f6r\u00f6mszalon\",\"description\":\"Budapest, 1066, J\u00f3kai utca 7.\",\"potentialAction\":[{\"@type\":\"SearchAction\",\"target\":{\"@type\":\"EntryPoint\",\"urlTemplate\":\"https:\/\/darabosevi.hu\/hu\/?s={search_term_string}\"},\"query-input\":{\"@type\":\"PropertyValueSpecification\",\"valueRequired\":true,\"valueName\":\"search_term_string\"}}],\"inLanguage\":\"hu\"}]}<\/script>\n<!-- \/ Yoast SEO plugin. -->","yoast_head_json":{"title":"Smink - Darabos \u00c9vi K\u00f6r\u00f6mszalon","robots":{"index":"index","follow":"follow","max-snippet":"max-snippet:-1","max-image-preview":"max-image-preview:large","max-video-preview":"max-video-preview:-1"},"canonical":"https:\/\/darabosevi.hu\/hu\/smink\/","og_locale":"hu_HU","og_type":"article","og_title":"Smink - Darabos \u00c9vi K\u00f6r\u00f6mszalon","og_description":"A sminkel\u00e9ssel f\u0151 c\u00e9lunk, hogy elrejts\u00fck az esetleges b\u0151rhib\u00e1kat \u00e9s kiemelj\u00fck az arc term\u00e9szetes sz\u00e9ps\u00e9g\u00e9t.A megfelel\u0151 sz\u00ednek haszn\u00e1lat\u00e1val az arc \u00e9lettel teli lesz \u00e9s harm\u00f3ni\u00e1ba ker\u00fcl a teljes megjelen\u00e9ssel. A term\u00e9szetes, nappali sminkkel finom, l\u00e1gy sz\u00edneket haszn\u00e1lunk \u00e9s letisztult \u00f6sszk\u00e9pet \u00e9rhet\u00fcnk el, m\u00edg az alkalmi sminkekn\u00e9l b\u00e1trabban haszn\u00e1ljuk a sz\u00edneket\u2026 Continue reading","og_url":"https:\/\/darabosevi.hu\/hu\/smink\/","og_site_name":"Darabos \u00c9vi K\u00f6r\u00f6mszalon","article_modified_time":"2026-01-28T09:49:28+00:00","og_image":[{"width":2400,"height":2400,"url":"https:\/\/darabosevi.hu\/wp-content\/uploads\/2019\/04\/IMG_2508.jpg","type":"image\/jpeg"}],"twitter_card":"summary_large_image","twitter_misc":{"Becs\u00fclt olvas\u00e1si id\u0151":"2 perc"},"schema":{"@context":"https:\/\/schema.org","@graph":[{"@type":"WebPage","@id":"https:\/\/darabosevi.hu\/hu\/smink\/","url":"https:\/\/darabosevi.hu\/hu\/smink\/","name":"Smink - Darabos \u00c9vi K\u00f6r\u00f6mszalon","isPartOf":{"@id":"https:\/\/darabosevi.hu\/hu\/#website"},"primaryImageOfPage":{"@id":"https:\/\/darabosevi.hu\/hu\/smink\/#primaryimage"},"image":{"@id":"https:\/\/darabosevi.hu\/hu\/smink\/#primaryimage"},"thumbnailUrl":"https:\/\/darabosevi.hu\/wp-content\/uploads\/2019\/04\/IMG_2508-300x300.jpg","datePublished":"2019-04-18T18:59:49+00:00","dateModified":"2026-01-28T09:49:28+00:00","breadcrumb":{"@id":"https:\/\/darabosevi.hu\/hu\/smink\/#breadcrumb"},"inLanguage":"hu","potentialAction":[{"@type":"ReadAction","target":["https:\/\/darabosevi.hu\/hu\/smink\/"]}]},{"@type":"ImageObject","inLanguage":"hu","@id":"https:\/\/darabosevi.hu\/hu\/smink\/#primaryimage","url":"https:\/\/darabosevi.hu\/wp-content\/uploads\/2019\/04\/IMG_2508-300x300.jpg","contentUrl":"https:\/\/darabosevi.hu\/wp-content\/uploads\/2019\/04\/IMG_2508-300x300.jpg"},{"@type":"BreadcrumbList","@id":"https:\/\/darabosevi.hu\/hu\/smink\/#breadcrumb","itemListElement":[{"@type":"ListItem","position":1,"name":"Home","item":"https:\/\/darabosevi.hu\/hu\/"},{"@type":"ListItem","position":2,"name":"Smink"}]},{"@type":"WebSite","@id":"https:\/\/darabosevi.hu\/hu\/#website","url":"https:\/\/darabosevi.hu\/hu\/","name":"Darabos \u00c9vi K\u00f6r\u00f6mszalon","description":"Budapest, 1066, J\u00f3kai utca 7.","potentialAction":[{"@type":"SearchAction","target":{"@type":"EntryPoint","urlTemplate":"https:\/\/darabosevi.hu\/hu\/?s={search_term_string}"},"query-input":{"@type":"PropertyValueSpecification","valueRequired":true,"valueName":"search_term_string"}}],"inLanguage":"hu"}]}},"_links":{"self":[{"href":"https:\/\/darabosevi.hu\/hu\/wp-json\/wp\/v2\/pages\/740","targetHints":{"allow":["GET"]}}],"collection":[{"href":"https:\/\/darabosevi.hu\/hu\/wp-json\/wp\/v2\/pages"}],"about":[{"href":"https:\/\/darabosevi.hu\/hu\/wp-json\/wp\/v2\/types\/page"}],"author":[{"embeddable":true,"href":"https:\/\/darabosevi.hu\/hu\/wp-json\/wp\/v2\/users\/1"}],"replies":[{"embeddable":true,"href":"https:\/\/darabosevi.hu\/hu\/wp-json\/wp\/v2\/comments?post=740"}],"version-history":[{"count":16,"href":"https:\/\/darabosevi.hu\/hu\/wp-json\/wp\/v2\/pages\/740\/revisions"}],"predecessor-version":[{"id":1943,"href":"https:\/\/darabosevi.hu\/hu\/wp-json\/wp\/v2\/pages\/740\/revisions\/1943"}],"wp:attachment":[{"href":"https:\/\/darabosevi.hu\/hu\/wp-json\/wp\/v2\/media?parent=740"}],"curies":[{"name":"wp","href":"https:\/\/api.w.org\/{rel}","templated":true}]}}